{"id":29041,"date":"2024-08-27T17:20:40","date_gmt":"2024-08-27T15:20:40","guid":{"rendered":"https:\/\/2a-expertrh.fr\/?page_id=29041"},"modified":"2024-08-28T17:03:30","modified_gmt":"2024-08-28T15:03:30","slug":"territoires-peu-attractifs","status":"publish","type":"page","link":"https:\/\/2a-expertrh.fr\/en\/territoires-peu-attractifs\/","title":{"rendered":"Territoires peu attractifs"},"content":{"rendered":"<p>[et_pb_section fb_built=\u00a0\u00bb1&Prime; _builder_version=\u00a0\u00bb4.27.0&Prime; _module_preset=\u00a0\u00bbdefault\u00a0\u00bb background_image=\u00a0\u00bbhttps:\/\/2a-expertrh.fr\/wp-content\/uploads\/2024\/08\/AdobeStock_314397051_Preview.jpeg\u00a0\u00bb min_height=\u00a0\u00bb60vh\u00a0\u00bb custom_margin=\u00a0\u00bb||0px||false|false\u00a0\u00bb custom_padding=\u00a0\u00bb||0px||false|false\u00a0\u00bb global_colors_info=\u00a0\u00bb{}\u00a0\u00bb][et_pb_row _builder_version=\u00a0\u00bb4.27.0&Prime; _module_preset=\u00a0\u00bbdefault\u00a0\u00bb width=\u00a0\u00bb100%\u00a0\u00bb max_width=\u00a0\u00bb1000vh\u00a0\u00bb module_alignment=\u00a0\u00bbcenter\u00a0\u00bb min_height=\u00a0\u00bb20vh\u00a0\u00bb custom_margin=\u00a0\u00bb45vh||0px||false|false\u00a0\u00bb custom_padding=\u00a0\u00bb||0px||false|false\u00a0\u00bb hover_enabled=\u00a0\u00bb0&Prime; global_colors_info=\u00a0\u00bb{%22gcid-primary-color%22:%91%22background_color%22%93}\u00a0\u00bb background_enable_color=\u00a0\u00bboff\u00a0\u00bb title_text=\u00a0\u00bbfond arrondi bleu@4x\u00a0\u00bb background_image=\u00a0\u00bbhttps:\/\/2a-expertrh.fr\/wp-content\/uploads\/2024\/08\/fond-arrondi-bleu@4x.png\u00a0\u00bb sticky_enabled=\u00a0\u00bb0&Prime;][et_pb_column type=\u00a0\u00bb4_4&Prime; _builder_version=\u00a0\u00bb4.27.0&Prime; _module_preset=\u00a0\u00bbdefault\u00a0\u00bb global_colors_info=\u00a0\u00bb{}\u00a0\u00bb][et_pb_text _builder_version=\u00a0\u00bb4.27.0&Prime; _module_preset=\u00a0\u00bbdefault\u00a0\u00bb text_font=\u00a0\u00bbNoto Sans Palmyrene||||||||\u00a0\u00bb text_text_color=\u00a0\u00bb#FFFFFF\u00a0\u00bb text_font_size=\u00a0\u00bb17px\u00a0\u00bb header_2_font=\u00a0\u00bbNoto Sans Palmyrene|700|||||||\u00a0\u00bb header_2_text_color=\u00a0\u00bb#FFFFFF\u00a0\u00bb header_2_font_size=\u00a0\u00bb30px\u00a0\u00bb custom_margin=\u00a0\u00bb6vh||||false|false\u00a0\u00bb global_colors_info=\u00a0\u00bb{}\u00a0\u00bb]<\/p>\n<h2 style=\"text-align: center;\">Recruter dans les territoires en d\u00e9ficit de ressources<\/h2>\n<p>[\/et_pb_text][\/et_pb_column][\/et_pb_row][\/et_pb_section][et_pb_section fb_built=\u00a0\u00bb1&Prime; _builder_version=\u00a0\u00bb4.27.0&Prime; _module_preset=\u00a0\u00bbdefault\u00a0\u00bb background_enable_image=\u00a0\u00bboff\u00a0\u00bb background_size=\u00a0\u00bbinitial\u00a0\u00bb background_position=\u00a0\u00bbtop_left\u00a0\u00bb background_horizontal_offset=\u00a0\u00bb-16%\u00a0\u00bb global_colors_info=\u00a0\u00bb{}\u00a0\u00bb][et_pb_row _builder_version=\u00a0\u00bb4.27.0&Prime; _module_preset=\u00a0\u00bbdefault\u00a0\u00bb width=\u00a0\u00bb55%\u00a0\u00bb max_width=\u00a0\u00bb1500px\u00a0\u00bb global_colors_info=\u00a0\u00bb{}\u00a0\u00bb][et_pb_column type=\u00a0\u00bb4_4&Prime; _builder_version=\u00a0\u00bb4.27.0&Prime; _module_preset=\u00a0\u00bbdefault\u00a0\u00bb global_colors_info=\u00a0\u00bb{}\u00a0\u00bb][et_pb_text _builder_version=\u00a0\u00bb4.27.0&Prime; _module_preset=\u00a0\u00bbdefault\u00a0\u00bb text_text_color=\u00a0\u00bbgcid-primary-color\u00a0\u00bb global_colors_info=\u00a0\u00bb{%22gcid-primary-color%22:%91%22text_text_color%22%93}\u00a0\u00bb]<\/p>\n<p>Les difficult\u00e9s de<span>\u00a0<\/span><strong>recrutement en m\u00e9tier p\u00e9nurique<\/strong><span>\u00a0<\/span>sont un frein au d\u00e9veloppement de votre activit\u00e9 ? Vous n\u2019\u00eates pas seul, en France, 60 % des entreprises de plus de 10 salari\u00e9s ont des difficult\u00e9s de recrutement. (Source OpinionWay).<\/p>\n<p>Ce sont les fonctions socles de votre entreprise qui sont touch\u00e9es comme la production, la vente ? Les profils p\u00e9nuriques sont votre probl\u00e8me num\u00e9ro 1 ?<\/p>\n<p>Vous \u00eates implant\u00e9 \u00e0 la campagne, en zone p\u00e9riurbaine, dans un<span>\u00a0<\/span><strong>territoire en d\u00e9ficit d\u2019attractivit\u00e9<\/strong><span>\u00a0<\/span>? Vous cumulez parfois 3 probl\u00e9matiques :<\/p>\n<ul>\n<li>Le d\u00e9ficit d\u2019attractivit\u00e9 d\u2019un<span>\u00a0<\/span><strong>m\u00e9tier en tension<span>\u00a0<\/span><\/strong>de votre activit\u00e9.<\/li>\n<li>Le d\u00e9ficit d\u2019attractivit\u00e9 du secteur.<\/li>\n<li>Le<span>\u00a0<\/span><strong>d\u00e9ficit d\u2019attractivit\u00e9 du territoire<\/strong>.<\/li>\n<\/ul>\n<p>Rassurez-vous, il y a des solutions. Nous avons d\u00e9velopp\u00e9 un vrai savoir-faire pour les entreprises install\u00e9es sur un<span>\u00a0<\/span><strong>bassin d\u2019emploi peu attractif<\/strong>. Comment proc\u00e9dons-nous ? C\u2019est simple, nous inversons la pratique habituelle du<span>\u00a0<\/span><strong>recrutement pour les postes p\u00e9nuriques<\/strong>. Nous osons prendre le probl\u00e8me dans l\u2019autre sens. Pour attirer un collaborateur, il faut le s\u00e9duire.<\/p>\n<p>[\/et_pb_text][\/et_pb_column][\/et_pb_row][\/et_pb_section][et_pb_section fb_built=\u00a0\u00bb1&Prime; custom_padding_last_edited=\u00a0\u00bbon|tablet\u00a0\u00bb _builder_version=\u00a0\u00bb4.16&Prime; custom_padding=\u00a0\u00bb100px||100px||true|\u00a0\u00bb custom_padding_tablet=\u00a0\u00bb100px||100px||true|false\u00a0\u00bb custom_padding_phone=\u00a0\u00bb100px||100px||true|false\u00a0\u00bb global_colors_info=\u00a0\u00bb{}\u00a0\u00bb][et_pb_row column_structure=\u00a0\u00bb1_3,2_3&Prime; use_custom_gutter=\u00a0\u00bbon\u00a0\u00bb gutter_width=\u00a0\u00bb2&Prime; make_equal=\u00a0\u00bbon\u00a0\u00bb _builder_version=\u00a0\u00bb4.16&Prime; width_tablet=\u00a0\u00bb90%\u00a0\u00bb width_phone=\u00a0\u00bb90%\u00a0\u00bb width_last_edited=\u00a0\u00bboff|desktop\u00a0\u00bb max_width_tablet=\u00a0\u00bb90%\u00a0\u00bb max_width_phone=\u00a0\u00bb90%\u00a0\u00bb max_width_last_edited=\u00a0\u00bboff|desktop\u00a0\u00bb custom_padding=\u00a0\u00bb0px||0px||true|\u00a0\u00bb global_colors_info=\u00a0\u00bb{}\u00a0\u00bb][et_pb_column type=\u00a0\u00bb1_3&Prime; _builder_version=\u00a0\u00bb4.16&Prime; z_index=\u00a0\u00bb9999999999&Prime; global_colors_info=\u00a0\u00bb{}\u00a0\u00bb][et_pb_text _builder_version=\u00a0\u00bb4.27.0&Prime; text_font=\u00a0\u00bbNoto Sans Palmyrene|300|||||||\u00a0\u00bb text_text_color=\u00a0\u00bb#FFFFFF\u00a0\u00bb text_font_size=\u00a0\u00bb15px\u00a0\u00bb text_line_height=\u00a0\u00bb1.8em\u00a0\u00bb header_font=\u00a0\u00bbPoppins|700|||||||\u00a0\u00bb header_text_align=\u00a0\u00bbcenter\u00a0\u00bb header_text_color=\u00a0\u00bb#000000&Prime; header_font_size=\u00a0\u00bb35px\u00a0\u00bb header_line_height=\u00a0\u00bb1.6em\u00a0\u00bb header_2_font=\u00a0\u00bbNoto Sans Palmyrene|800|||||||\u00a0\u00bb header_2_text_align=\u00a0\u00bbcenter\u00a0\u00bb header_2_text_color=\u00a0\u00bb#FFFFFF\u00a0\u00bb header_2_font_size=\u00a0\u00bb36px\u00a0\u00bb header_2_letter_spacing=\u00a0\u00bb1px\u00a0\u00bb header_2_line_height=\u00a0\u00bb1.2em\u00a0\u00bb background_color=\u00a0\u00bbgcid-primary-color\u00a0\u00bb z_index=\u00a0\u00bb9999999999&Prime; text_orientation=\u00a0\u00bbcenter\u00a0\u00bb custom_margin=\u00a0\u00bb80px|-226px|||false|false\u00a0\u00bb custom_margin_tablet=\u00a0\u00bb0px|0px||\u00a0\u00bb custom_margin_phone=\u00a0\u00bb0px|0px||\u00a0\u00bb custom_margin_last_edited=\u00a0\u00bbon|desktop\u00a0\u00bb custom_padding=\u00a0\u00bb50px|100px|50px|100px|true|true\u00a0\u00bb custom_padding_tablet=\u00a0\u00bb100px||100px||true|false\u00a0\u00bb custom_padding_phone=\u00a0\u00bb30px|30px|30px|30px|true|true\u00a0\u00bb custom_padding_last_edited=\u00a0\u00bbon|tablet\u00a0\u00bb animation_direction=\u00a0\u00bbleft\u00a0\u00bb header_font_size_tablet=\u00a0\u00bb\u00a0\u00bb header_font_size_phone=\u00a0\u00bb30px\u00a0\u00bb header_font_size_last_edited=\u00a0\u00bbon|desktop\u00a0\u00bb box_shadow_style=\u00a0\u00bbpreset1&Prime; box_shadow_horizontal=\u00a0\u00bb-63px\u00a0\u00bb box_shadow_vertical=\u00a0\u00bb22px\u00a0\u00bb box_shadow_blur=\u00a0\u00bb80px\u00a0\u00bb box_shadow_color=\u00a0\u00bbrgba(186,186,186,0.18)\u00a0\u00bb text_text_align=\u00a0\u00bbcenter\u00a0\u00bb global_colors_info=\u00a0\u00bb{%22gcid-primary-color%22:%91%22background_color%22%93}\u00a0\u00bb]<\/p>\n<h2 style=\"text-align: left;\">Le travail sur l\u2019ADN employeur d\u2019un territoire peu attractif pour recruter<\/h2>\n<p style=\"text-align: left;\">Cumuler les difficult\u00e9s requiert une analyse d\u00e9taill\u00e9e de la situation :<\/p>\n<ul style=\"text-align: left;\">\n<li>Un besoin de<span>\u00a0<\/span><strong>recrutement de m\u00e9tier en tension<\/strong><span>\u00a0<\/span>ne fait pas l\u2019autre.<\/li>\n<li>Une entreprise est toujours particuli\u00e8re et unique.<\/li>\n<li>Votre probl\u00e9matique soul\u00e8ve des interrogations in\u00e9dites concernant le territoire.<\/li>\n<\/ul>\n<p style=\"text-align: left;\">2A EXPERT RH s\u2019adapte totalement \u00e0 votre ADN : nos<span>\u00a0<\/span><strong>solutions<\/strong><span>\u00a0<\/span><strong>pour<\/strong><span>\u00a0<\/span><strong>recruter les m\u00e9tiers p\u00e9nuriques<\/strong><span>\u00a0<\/span><strong>sont<\/strong><span>\u00a0<\/span><strong>sur mesure<\/strong>. Pour nous, chaque d\u00e9tail a son importance.<\/p>\n<p style=\"text-align: left;\">Votre<span>\u00a0<\/span><strong>territoire<\/strong><span>\u00a0<\/span>est particulier ? Travailler chez vous implique une installation, un<span>\u00a0<\/span><strong>d\u00e9m\u00e9nagement<\/strong><span>\u00a0<\/span>? Pour attirer les candidats, nous r\u00e9fl\u00e9chissons sur notre<span>\u00a0<\/span><strong>attractivit\u00e9<\/strong>, mais \u00e9galement sur celle de votre soci\u00e9t\u00e9 :<\/p>\n<ul>\n<li style=\"list-style-type: none;\">\n<ul>\n<li style=\"text-align: left;\">Quels sont les signes distinctifs ou avantages concurrentiels de votre entreprise ?<\/li>\n<li style=\"text-align: left;\">Avez-vous la capacit\u00e9 d\u2019accueillir des salari\u00e9s de cultures diff\u00e9rentes ?<\/li>\n<li style=\"text-align: left;\">Votre soci\u00e9t\u00e9 et votre management permettent-ils la transmission des savoir-faire ?<\/li>\n<li style=\"text-align: left;\">Avez-vous un syst\u00e8me de tutorat, d\u2019\u00e9changes de pratiques ?<\/li>\n<li style=\"text-align: left;\">Quels sont les engagements et valeurs propos\u00e9s ?<\/li>\n<li style=\"text-align: left;\">Quels sont les atouts du cadre de vie de votre territoire ?<\/li>\n<li style=\"text-align: left;\">Les<span>\u00a0<\/span><strong>logements<span>\u00a0<\/span><\/strong>sont-ils abordables ?<\/li>\n<li style=\"text-align: left;\">Les<span>\u00a0<\/span><strong>\u00e9quipements scolaires<\/strong>, sportifs sont-ils accessibles ?<\/li>\n<\/ul>\n<\/li>\n<\/ul>\n<p>[\/et_pb_text][\/et_pb_column][et_pb_column type=\u00a0\u00bb2_3&Prime; _builder_version=\u00a0\u00bb4.16&Prime; global_colors_info=\u00a0\u00bb{}\u00a0\u00bb][et_pb_image src=\u00a0\u00bbhttps:\/\/2a-expertrh.fr\/wp-content\/uploads\/2024\/08\/AdobeStock_185515182_Preview_resied.jpeg\u00a0\u00bb title_text=\u00a0\u00bbEmpty street of town\u00a0\u00bb align=\u00a0\u00bbright\u00a0\u00bb _builder_version=\u00a0\u00bb4.27.0&Prime; height=\u00a0\u00bb100vh\u00a0\u00bb max_height=\u00a0\u00bb400vh\u00a0\u00bb global_colors_info=\u00a0\u00bb{}\u00a0\u00bb height__hover_enabled=\u00a0\u00bbon|desktop\u00a0\u00bb height__hover=\u00a0\u00bb100vh\u00a0\u00bb][\/et_pb_image][\/et_pb_column][\/et_pb_row][\/et_pb_section][et_pb_section fb_built=\u00a0\u00bb1&Prime; _builder_version=\u00a0\u00bb4.16&Prime; custom_padding=\u00a0\u00bb100px||100px||true|false\u00a0\u00bb global_colors_info=\u00a0\u00bb{}\u00a0\u00bb][et_pb_row column_structure=\u00a0\u00bb2_3,1_3&Prime; use_custom_gutter=\u00a0\u00bbon\u00a0\u00bb gutter_width=\u00a0\u00bb2&Prime; make_equal=\u00a0\u00bbon\u00a0\u00bb _builder_version=\u00a0\u00bb4.16&Prime; width_tablet=\u00a0\u00bb90%\u00a0\u00bb width_phone=\u00a0\u00bb90%\u00a0\u00bb width_last_edited=\u00a0\u00bboff|desktop\u00a0\u00bb max_width_tablet=\u00a0\u00bb90%\u00a0\u00bb max_width_phone=\u00a0\u00bb90%\u00a0\u00bb max_width_last_edited=\u00a0\u00bboff|desktop\u00a0\u00bb custom_padding=\u00a0\u00bb0px||0px||true|false\u00a0\u00bb global_colors_info=\u00a0\u00bb{}\u00a0\u00bb][et_pb_column type=\u00a0\u00bb2_3&Prime; _builder_version=\u00a0\u00bb4.16&Prime; global_colors_info=\u00a0\u00bb{}\u00a0\u00bb][et_pb_image src=\u00a0\u00bbhttps:\/\/2a-expertrh.fr\/wp-content\/uploads\/2024\/08\/AdobeStock_300008611_resized.jpeg\u00a0\u00bb title_text=\u00a0\u00bbImagen de un pueblo de Espa\u00f1a vac\u00edo con casas abandonadas y ot\u00a0\u00bb _builder_version=\u00a0\u00bb4.27.0&Prime; global_colors_info=\u00a0\u00bb{}\u00a0\u00bb][\/et_pb_image][\/et_pb_column][et_pb_column type=\u00a0\u00bb1_3&Prime; _builder_version=\u00a0\u00bb4.16&Prime; global_colors_info=\u00a0\u00bb{}\u00a0\u00bb][et_pb_text _builder_version=\u00a0\u00bb4.27.0&Prime; text_font=\u00a0\u00bbNoto Sans Palmyrene|300|||||||\u00a0\u00bb text_text_color=\u00a0\u00bb#FFFFFF\u00a0\u00bb text_font_size=\u00a0\u00bb15px\u00a0\u00bb text_line_height=\u00a0\u00bb1.8em\u00a0\u00bb header_font=\u00a0\u00bbPoppins|700|||||||\u00a0\u00bb header_text_align=\u00a0\u00bbcenter\u00a0\u00bb header_text_color=\u00a0\u00bb#000000&Prime; header_font_size=\u00a0\u00bb35px\u00a0\u00bb header_line_height=\u00a0\u00bb1.6em\u00a0\u00bb header_2_font=\u00a0\u00bbNoto Sans Palmyrene|800|||||||\u00a0\u00bb header_2_text_align=\u00a0\u00bbcenter\u00a0\u00bb header_2_text_color=\u00a0\u00bb#FFFFFF\u00a0\u00bb header_2_font_size=\u00a0\u00bb36px\u00a0\u00bb header_2_letter_spacing=\u00a0\u00bb1px\u00a0\u00bb header_2_line_height=\u00a0\u00bb1.2em\u00a0\u00bb background_color=\u00a0\u00bbgcid-primary-color\u00a0\u00bb z_index=\u00a0\u00bb1&Prime; text_orientation=\u00a0\u00bbcenter\u00a0\u00bb custom_margin=\u00a0\u00bb50px|||-226px|false|false\u00a0\u00bb custom_margin_tablet=\u00a0\u00bb0px|||0px\u00a0\u00bb custom_margin_phone=\u00a0\u00bb0px|||0px\u00a0\u00bb custom_margin_last_edited=\u00a0\u00bbon|desktop\u00a0\u00bb custom_padding=\u00a0\u00bb50px|100px|50px|100px|true|true\u00a0\u00bb custom_padding_tablet=\u00a0\u00bb\u00a0\u00bb custom_padding_phone=\u00a0\u00bb30px|30px|30px|30px|true|true\u00a0\u00bb custom_padding_last_edited=\u00a0\u00bbon|desktop\u00a0\u00bb animation_direction=\u00a0\u00bbright\u00a0\u00bb header_font_size_tablet=\u00a0\u00bb\u00a0\u00bb header_font_size_phone=\u00a0\u00bb30px\u00a0\u00bb header_font_size_last_edited=\u00a0\u00bbon|desktop\u00a0\u00bb box_shadow_style=\u00a0\u00bbpreset1&Prime; box_shadow_horizontal=\u00a0\u00bb63px\u00a0\u00bb box_shadow_vertical=\u00a0\u00bb52px\u00a0\u00bb box_shadow_blur=\u00a0\u00bb80px\u00a0\u00bb box_shadow_color=\u00a0\u00bbrgba(186,186,186,0.18)\u00a0\u00bb text_text_align=\u00a0\u00bbcenter\u00a0\u00bb global_colors_info=\u00a0\u00bb{%22gcid-primary-color%22:%91%22background_color%22%93}\u00a0\u00bb]<\/p>\n<h2 style=\"text-align: left;\">Travailler vos offres d\u2019emploi pour attirer les candidats sur les territoires en d\u00e9ficit d\u2019attractivit\u00e9<\/h2>\n<p style=\"text-align: left;\">Sortir du lot, c\u2019est ce qui compte le plus pour<span>\u00a0<\/span><strong>recruter en territoire peu attractif<\/strong>. Si nous sommes face \u00e0 un<span>\u00a0<\/span><strong>besoin de recrutement difficile<\/strong>, nous innovons. Les entreprises de Vend\u00e9e, du Sud Manche, de la Bretagne Nord, ne parviennent pas \u00e0 attirer les candidats. C\u2019est aussi le cas de celles implant\u00e9es en p\u00e9riph\u00e9rie des grandes villes.<\/p>\n<p style=\"text-align: left;\">Nous vous aidons \u00e0<span>\u00a0<\/span><strong>attirer des candidats<\/strong><span>\u00a0<\/span>et \u00e0 leur donner envie de rester. Les leviers peuvent \u00eatre :<\/p>\n<ul style=\"text-align: left;\">\n<li><strong>R\u00e9mun\u00e9ration<\/strong><span>\u00a0<\/span>plus \u00e9lev\u00e9e.<\/li>\n<li><strong>Cadre de travail<\/strong><span>\u00a0<\/span>plus agr\u00e9able.<\/li>\n<li>Engagements sociaux.<\/li>\n<li><strong>Aide \u00e0 l\u2019installation<\/strong>.<\/li>\n<li>Accompagnement pour les inscriptions scolaires.<\/li>\n<li>Solutions de gardes d\u2019enfants.<\/li>\n<li>Emploi stable et possibilit\u00e9 d\u2019\u00e9volution.<\/li>\n<\/ul>\n<p>[\/et_pb_text][\/et_pb_column][\/et_pb_row][\/et_pb_section][et_pb_section fb_built=\u00a0\u00bb1&Prime; _builder_version=\u00a0\u00bb4.27.0&Prime; _module_preset=\u00a0\u00bbdefault\u00a0\u00bb background_enable_image=\u00a0\u00bboff\u00a0\u00bb background_size=\u00a0\u00bbinitial\u00a0\u00bb background_position=\u00a0\u00bbtop_left\u00a0\u00bb background_horizontal_offset=\u00a0\u00bb-14%\u00a0\u00bb global_colors_info=\u00a0\u00bb{}\u00a0\u00bb][et_pb_row _builder_version=\u00a0\u00bb4.27.0&Prime; _module_preset=\u00a0\u00bbdefault\u00a0\u00bb global_colors_info=\u00a0\u00bb{}\u00a0\u00bb][et_pb_column type=\u00a0\u00bb4_4&Prime; _builder_version=\u00a0\u00bb4.27.0&Prime; _module_preset=\u00a0\u00bbdefault\u00a0\u00bb global_colors_info=\u00a0\u00bb{}\u00a0\u00bb][et_pb_text _builder_version=\u00a0\u00bb4.27.0&Prime; _module_preset=\u00a0\u00bbdefault\u00a0\u00bb text_font=\u00a0\u00bbNoto Sans Palmyrene||||||||\u00a0\u00bb text_text_color=\u00a0\u00bbgcid-primary-color\u00a0\u00bb text_line_height=\u00a0\u00bb2.3em\u00a0\u00bb global_colors_info=\u00a0\u00bb{%22gcid-primary-color%22:%91%22text_text_color%22%93}\u00a0\u00bb]<\/p>\n<div class=\"wpb_text_column wpb_content_element \">\n<div class=\"wpb_wrapper\">\n<p style=\"text-align: left;\">Le travail sur l\u2019<strong>attractivit\u00e9<\/strong><span>\u00a0<\/span>passe \u00e9galement par la communication. Un<span>\u00a0<\/span><strong>bassin d\u2019emploi peu attractif<\/strong><span>\u00a0<\/span>est synonyme d\u2019isolement. Comment faire rayonner votre annonce, votre entreprise, vos valeurs, au-del\u00e0 de vos murs ?<\/p>\n<p style=\"text-align: left;\">Nous utilisons plusieurs outils :<\/p>\n<ul style=\"text-align: left;\">\n<li>Notre r\u00e9seau d\u2019acteurs diversifi\u00e9, local et international.<\/li>\n<li>L\u2019appui sur votre r\u00e9seau professionnel.<\/li>\n<li>La cr\u00e9ation de comptes sur les r\u00e9seaux sociaux pour publier des annonces travaill\u00e9es et s\u00e9duisantes.<\/li>\n<\/ul>\n<\/div>\n<\/div>\n<div class=\"wpb_text_column wpb_content_element  vc_custom_1577975808738 text-center editor-fontsize-up-2\">\n<div class=\"wpb_wrapper\">\n<p style=\"text-align: center;\">Vous souhaitez donner un coup d\u2019arr\u00eat \u00e0 vos<span>\u00a0<\/span><strong>probl\u00e8mes de recrutement d\u00fbs au d\u00e9ficit d\u2019attractivit\u00e9 de<span>\u00a0<\/span><\/strong>votre<span>\u00a0<\/span><strong>territoire<span>\u00a0<\/span><\/strong>? Tentez l\u2019innovation avec 2A EXPERT RH, contactez-nous d\u00e8s maintenant !<\/p>\n<\/div>\n<\/div>\n<p>[\/et_pb_text][et_pb_button button_url=\u00a0\u00bb@ET-DC@eyJkeW5hbWljIjp0cnVlLCJjb250ZW50IjoicG9zdF9saW5rX3VybF9wYWdlIiwic2V0dGluZ3MiOnsicG9zdF9pZCI6IjI0In19@\u00a0\u00bb button_text=\u00a0\u00bbContactez-nous !\u00a0\u00bb button_alignment=\u00a0\u00bbcenter\u00a0\u00bb _builder_version=\u00a0\u00bb4.27.0&Prime; _dynamic_attributes=\u00a0\u00bbbutton_url\u00a0\u00bb _module_preset=\u00a0\u00bbdefault\u00a0\u00bb custom_button=\u00a0\u00bbon\u00a0\u00bb button_text_size=\u00a0\u00bb17px\u00a0\u00bb button_text_color=\u00a0\u00bb#FFFFFF\u00a0\u00bb button_bg_color=\u00a0\u00bbgcid-primary-color\u00a0\u00bb button_border_width=\u00a0\u00bb3px\u00a0\u00bb button_border_color=\u00a0\u00bbgcid-primary-color\u00a0\u00bb button_border_radius=\u00a0\u00bb20px\u00a0\u00bb button_font=\u00a0\u00bb|600|||||||\u00a0\u00bb global_colors_info=\u00a0\u00bb{%22gcid-primary-color%22:%91%22button_bg_color%22,%22button_border_color%22%93}\u00a0\u00bb][\/et_pb_button][\/et_pb_column][\/et_pb_row][\/et_pb_section]<\/p>\n","protected":false},"excerpt":{"rendered":"<p>Recruter dans les territoires en d\u00e9ficit de ressourcesLes difficult\u00e9s de\u00a0recrutement en m\u00e9tier p\u00e9nurique\u00a0sont un frein au d\u00e9veloppement de votre activit\u00e9 ? Vous n\u2019\u00eates pas seul, en France, 60 % des entreprises de plus de 10 salari\u00e9s ont des difficult\u00e9s de recrutement. (Source OpinionWay). Ce sont les fonctions socles de votre entreprise qui sont touch\u00e9es comme [&hellip;]<\/p>\n","protected":false},"author":1,"featured_media":0,"parent":0,"menu_order":0,"comment_status":"closed","ping_status":"closed","template":"","meta":{"_et_pb_use_builder":"on","_et_pb_old_content":"","_et_gb_content_width":"","inline_featured_image":false,"footnotes":""},"class_list":["post-29041","page","type-page","status-publish","hentry"],"_links":{"self":[{"href":"https:\/\/2a-expertrh.fr\/en\/wp-json\/wp\/v2\/pages\/29041","targetHints":{"allow":["GET"]}}],"collection":[{"href":"https:\/\/2a-expertrh.fr\/en\/wp-json\/wp\/v2\/pages"}],"about":[{"href":"https:\/\/2a-expertrh.fr\/en\/wp-json\/wp\/v2\/types\/page"}],"author":[{"embeddable":true,"href":"https:\/\/2a-expertrh.fr\/en\/wp-json\/wp\/v2\/users\/1"}],"replies":[{"embeddable":true,"href":"https:\/\/2a-expertrh.fr\/en\/wp-json\/wp\/v2\/comments?post=29041"}],"version-history":[{"count":5,"href":"https:\/\/2a-expertrh.fr\/en\/wp-json\/wp\/v2\/pages\/29041\/revisions"}],"predecessor-version":[{"id":71423,"href":"https:\/\/2a-expertrh.fr\/en\/wp-json\/wp\/v2\/pages\/29041\/revisions\/71423"}],"wp:attachment":[{"href":"https:\/\/2a-expertrh.fr\/en\/wp-json\/wp\/v2\/media?parent=29041"}],"curies":[{"name":"wp","href":"https:\/\/api.w.org\/{rel}","templated":true}]}}