{"id":29031,"date":"2024-08-27T16:42:14","date_gmt":"2024-08-27T14:42:14","guid":{"rendered":"https:\/\/2a-expertrh.fr\/?page_id=29031"},"modified":"2024-08-28T16:53:02","modified_gmt":"2024-08-28T14:53:02","slug":"batiment-industriel","status":"publish","type":"page","link":"https:\/\/2a-expertrh.fr\/en\/batiment-industriel\/","title":{"rendered":"Batiment Industriel"},"content":{"rendered":"<p>[et_pb_section fb_built=\u00a0\u00bb1&Prime; _builder_version=\u00a0\u00bb4.27.0&Prime; _module_preset=\u00a0\u00bbdefault\u00a0\u00bb background_image=\u00a0\u00bbhttps:\/\/2a-expertrh.fr\/wp-content\/uploads\/2024\/08\/construction-batiment-industriel.jpeg\u00a0\u00bb background_position=\u00a0\u00bbtop_center\u00a0\u00bb min_height=\u00a0\u00bb60vh\u00a0\u00bb custom_margin=\u00a0\u00bb||0px||false|false\u00a0\u00bb custom_padding=\u00a0\u00bb||0px||false|false\u00a0\u00bb global_colors_info=\u00a0\u00bb{}\u00a0\u00bb][et_pb_row _builder_version=\u00a0\u00bb4.27.0&Prime; _module_preset=\u00a0\u00bbdefault\u00a0\u00bb width=\u00a0\u00bb100%\u00a0\u00bb max_width=\u00a0\u00bb1000vh\u00a0\u00bb module_alignment=\u00a0\u00bbcenter\u00a0\u00bb min_height=\u00a0\u00bb20vh\u00a0\u00bb custom_margin=\u00a0\u00bb45vh||0px||false|false\u00a0\u00bb custom_padding=\u00a0\u00bb||0px||false|false\u00a0\u00bb hover_enabled=\u00a0\u00bb0&Prime; global_colors_info=\u00a0\u00bb{%22gcid-primary-color%22:%91%22background_color%22%93}\u00a0\u00bb background_enable_color=\u00a0\u00bboff\u00a0\u00bb title_text=\u00a0\u00bbfond arrondi bleu@4x\u00a0\u00bb background_image=\u00a0\u00bbhttps:\/\/2a-expertrh.fr\/wp-content\/uploads\/2024\/08\/fond-arrondi-bleu@4x.png\u00a0\u00bb sticky_enabled=\u00a0\u00bb0&Prime;][et_pb_column type=\u00a0\u00bb4_4&Prime; _builder_version=\u00a0\u00bb4.27.0&Prime; _module_preset=\u00a0\u00bbdefault\u00a0\u00bb global_colors_info=\u00a0\u00bb{}\u00a0\u00bb][et_pb_text _builder_version=\u00a0\u00bb4.27.0&Prime; _module_preset=\u00a0\u00bbdefault\u00a0\u00bb text_font=\u00a0\u00bbNoto Sans Palmyrene||||||||\u00a0\u00bb text_text_color=\u00a0\u00bb#FFFFFF\u00a0\u00bb text_font_size=\u00a0\u00bb17px\u00a0\u00bb header_2_font=\u00a0\u00bbNoto Sans Palmyrene|700|||||||\u00a0\u00bb header_2_text_color=\u00a0\u00bb#FFFFFF\u00a0\u00bb header_2_font_size=\u00a0\u00bb30px\u00a0\u00bb custom_margin=\u00a0\u00bb6vh||||false|false\u00a0\u00bb global_colors_info=\u00a0\u00bb{}\u00a0\u00bb]<\/p>\n<h2 style=\"text-align: center;\">Recrutement en b\u00e2timent industriel<\/h2>\n<p>[\/et_pb_text][\/et_pb_column][\/et_pb_row][\/et_pb_section][et_pb_section fb_built=\u00a0\u00bb1&Prime; _builder_version=\u00a0\u00bb4.27.0&Prime; _module_preset=\u00a0\u00bbdefault\u00a0\u00bb background_enable_image=\u00a0\u00bboff\u00a0\u00bb background_size=\u00a0\u00bbinitial\u00a0\u00bb background_position=\u00a0\u00bbtop_left\u00a0\u00bb background_horizontal_offset=\u00a0\u00bb-14%\u00a0\u00bb global_colors_info=\u00a0\u00bb{}\u00a0\u00bb][et_pb_row _builder_version=\u00a0\u00bb4.27.0&Prime; _module_preset=\u00a0\u00bbdefault\u00a0\u00bb global_colors_info=\u00a0\u00bb{}\u00a0\u00bb][et_pb_column type=\u00a0\u00bb4_4&Prime; _builder_version=\u00a0\u00bb4.27.0&Prime; _module_preset=\u00a0\u00bbdefault\u00a0\u00bb global_colors_info=\u00a0\u00bb{}\u00a0\u00bb][et_pb_text _builder_version=\u00a0\u00bb4.27.0&Prime; _module_preset=\u00a0\u00bbdefault\u00a0\u00bb text_text_color=\u00a0\u00bbgcid-primary-color\u00a0\u00bb global_colors_info=\u00a0\u00bb{%22gcid-primary-color%22:%91%22text_text_color%22%93}\u00a0\u00bb]<\/p>\n<p style=\"text-align: center;\">Nous savons sourcer en nous appuyant sur des comp\u00e9tences externes :<\/p>\n<p style=\"text-align: center;\">Consultant sp\u00e9cialis\u00e9 en construction industrielle.<br \/>Expert en recrutement international.<br \/>R\u00e9seau d\u2019organismes de formations, d\u2019entreprises de votre secteur.<\/p>\n<p style=\"text-align: center;\">Nous savons trouver vos futurs collaborateurs dans les<span>\u00a0<\/span><strong>m\u00e9tiers en tension<\/strong><span>\u00a0<\/span>pour des projets de recrutement individuels et d\u2019\u00e9quipe.<\/p>\n<p>[\/et_pb_text][et_pb_text _builder_version=\u00a0\u00bb4.27.0&Prime; _module_preset=\u00a0\u00bbdefault\u00a0\u00bb header_3_font=\u00a0\u00bbNoto Sans Palmyrene|700|||||||\u00a0\u00bb header_3_text_color=\u00a0\u00bbgcid-primary-color\u00a0\u00bb header_3_line_height=\u00a0\u00bb1.4em\u00a0\u00bb width=\u00a0\u00bb44%\u00a0\u00bb module_alignment=\u00a0\u00bbcenter\u00a0\u00bb custom_margin=\u00a0\u00bb||||false|false\u00a0\u00bb global_colors_info=\u00a0\u00bb{%22gcid-primary-color%22:%91%22header_3_text_color%22%93}\u00a0\u00bb]<\/p>\n<h3 style=\"text-align: center;\"><strong>Choisissez l\u2019innovation avec 2A EXPERT RH !<\/strong><\/h3>\n<p>[\/et_pb_text][et_pb_button button_url=\u00a0\u00bb@ET-DC@eyJkeW5hbWljIjp0cnVlLCJjb250ZW50IjoicG9zdF9saW5rX3VybF9wYWdlIiwic2V0dGluZ3MiOnsicG9zdF9pZCI6IjI0In19@\u00a0\u00bb button_text=\u00a0\u00bbContactez-nous !\u00a0\u00bb button_alignment=\u00a0\u00bbcenter\u00a0\u00bb _builder_version=\u00a0\u00bb4.27.0&Prime; _dynamic_attributes=\u00a0\u00bbbutton_url\u00a0\u00bb _module_preset=\u00a0\u00bbdefault\u00a0\u00bb custom_button=\u00a0\u00bbon\u00a0\u00bb button_text_size=\u00a0\u00bb17px\u00a0\u00bb button_text_color=\u00a0\u00bb#FFFFFF\u00a0\u00bb button_bg_color=\u00a0\u00bbgcid-primary-color\u00a0\u00bb button_border_width=\u00a0\u00bb3px\u00a0\u00bb button_border_color=\u00a0\u00bbgcid-primary-color\u00a0\u00bb button_border_radius=\u00a0\u00bb20px\u00a0\u00bb button_font=\u00a0\u00bb|600|||||||\u00a0\u00bb global_colors_info=\u00a0\u00bb{%22gcid-primary-color%22:%91%22button_bg_color%22,%22button_border_color%22%93}\u00a0\u00bb][\/et_pb_button][\/et_pb_column][\/et_pb_row][\/et_pb_section][et_pb_section fb_built=\u00a0\u00bb1&Prime; _builder_version=\u00a0\u00bb4.27.0&Prime; _module_preset=\u00a0\u00bbdefault\u00a0\u00bb background_color=\u00a0\u00bb#F2F2F2&Prime; global_colors_info=\u00a0\u00bb{}\u00a0\u00bb][et_pb_row column_structure=\u00a0\u00bb1_2,1_2&Prime; _builder_version=\u00a0\u00bb4.27.0&Prime; _module_preset=\u00a0\u00bbdefault\u00a0\u00bb max_width=\u00a0\u00bb1400px\u00a0\u00bb global_colors_info=\u00a0\u00bb{}\u00a0\u00bb][et_pb_column type=\u00a0\u00bb1_2&Prime; _builder_version=\u00a0\u00bb4.27.0&Prime; _module_preset=\u00a0\u00bbdefault\u00a0\u00bb global_colors_info=\u00a0\u00bb{}\u00a0\u00bb][et_pb_text _builder_version=\u00a0\u00bb4.27.0&Prime; _module_preset=\u00a0\u00bbdefault\u00a0\u00bb header_3_font=\u00a0\u00bbNoto Sans Palmyrene|700|||||||\u00a0\u00bb header_3_text_color=\u00a0\u00bbgcid-primary-color\u00a0\u00bb custom_margin=\u00a0\u00bb10vh||||false|false\u00a0\u00bb global_colors_info=\u00a0\u00bb{%22gcid-primary-color%22:%91%22header_3_text_color%22%93}\u00a0\u00bb]<\/p>\n<h3><span>La construction industrielle recrute des m\u00e9tiers p\u00e9nuriques<\/span><\/h3>\n<p>[\/et_pb_text][et_pb_text _builder_version=\u00a0\u00bb4.27.0&Prime; _module_preset=\u00a0\u00bbdefault\u00a0\u00bb text_text_color=\u00a0\u00bbgcid-primary-color\u00a0\u00bb header_5_font=\u00a0\u00bbNoto Sans Palmyrene||||||||\u00a0\u00bb header_5_text_color=\u00a0\u00bbgcid-16467b78-10bb-4cb4-bc15-2dc93fec915e\u00a0\u00bb header_5_font_size=\u00a0\u00bb15px\u00a0\u00bb header_5_line_height=\u00a0\u00bb1.3em\u00a0\u00bb global_colors_info=\u00a0\u00bb{%22gcid-primary-color%22:%91%22text_text_color%22%93,%22gcid-16467b78-10bb-4cb4-bc15-2dc93fec915e%22:%91%22header_5_text_color%22%93}\u00a0\u00bb]<\/p>\n<h5><span class=\"editor-color-2\">Le secteur recrute, toute l\u2019ann\u00e9e, des collaborateurs sp\u00e9cialis\u00e9s. Les besoins sont tellement forts que la p\u00e9nurie s\u2019est enracin\u00e9e. La probl\u00e9matique est simple : les m\u00e9tiers du secteur de la construction industrielle n\u2019attirent pas. Ils sont, de ce fait, compliqu\u00e9s \u00e0 pourvoir.<\/span><\/h5>\n<p>Comment faire pour recruter lorsqu\u2019on en a besoin ? Nous avons d\u00e9velopp\u00e9 un savoir-faire qui vous sera utile si vous cherchez des\u00a0<strong>profils p\u00e9nuriques<\/strong>\u00a0dans ce secteur. Nous pouvons vous aider. Nous sommes les\u00a0<strong>sp\u00e9cialistes du recrutement en m\u00e9tiers en tension<\/strong>. Simplifiez-vous la vie, faites appel \u00e0 2A EXPERT RH !<\/p>\n<p>[\/et_pb_text][\/et_pb_column][et_pb_column type=\u00a0\u00bb1_2&Prime; _builder_version=\u00a0\u00bb4.27.0&Prime; _module_preset=\u00a0\u00bbdefault\u00a0\u00bb global_colors_info=\u00a0\u00bb{}\u00a0\u00bb][et_pb_image src=\u00a0\u00bbhttps:\/\/2a-expertrh.fr\/wp-content\/uploads\/2024\/08\/peinture-structure-acier-avec-pistolet.jpeg\u00a0\u00bb title_text=\u00a0\u00bbpeinture-structure-acier-avec-pistolet\u00a0\u00bb _builder_version=\u00a0\u00bb4.27.0&Prime; _module_preset=\u00a0\u00bbdefault\u00a0\u00bb border_radii=\u00a0\u00bboff|50px||50px|\u00a0\u00bb global_colors_info=\u00a0\u00bb{}\u00a0\u00bb][\/et_pb_image][\/et_pb_column][\/et_pb_row][\/et_pb_section][et_pb_section fb_built=\u00a0\u00bb1&Prime; _builder_version=\u00a0\u00bb4.27.0&Prime; _module_preset=\u00a0\u00bbdefault\u00a0\u00bb background_color=\u00a0\u00bbgcid-primary-color\u00a0\u00bb global_colors_info=\u00a0\u00bb{%22gcid-primary-color%22:%91%22background_color%22%93}\u00a0\u00bb][et_pb_row column_structure=\u00a0\u00bb1_2,1_2&Prime; _builder_version=\u00a0\u00bb4.27.0&Prime; _module_preset=\u00a0\u00bbdefault\u00a0\u00bb max_width=\u00a0\u00bb1400px\u00a0\u00bb global_colors_info=\u00a0\u00bb{}\u00a0\u00bb][et_pb_column type=\u00a0\u00bb1_2&Prime; _builder_version=\u00a0\u00bb4.27.0&Prime; _module_preset=\u00a0\u00bbdefault\u00a0\u00bb global_colors_info=\u00a0\u00bb{}\u00a0\u00bb][et_pb_image src=\u00a0\u00bbhttps:\/\/2a-expertrh.fr\/wp-content\/uploads\/2024\/08\/ingenieur-grue-mobile.jpg\u00a0\u00bb title_text=\u00a0\u00bbingenieur-grue-mobile\u00a0\u00bb _builder_version=\u00a0\u00bb4.27.0&Prime; _module_preset=\u00a0\u00bbdefault\u00a0\u00bb border_radii=\u00a0\u00bboff|50px||50px|\u00a0\u00bb global_colors_info=\u00a0\u00bb{}\u00a0\u00bb][\/et_pb_image][\/et_pb_column][et_pb_column type=\u00a0\u00bb1_2&Prime; _builder_version=\u00a0\u00bb4.27.0&Prime; _module_preset=\u00a0\u00bbdefault\u00a0\u00bb global_colors_info=\u00a0\u00bb{}\u00a0\u00bb][et_pb_text _builder_version=\u00a0\u00bb4.27.0&Prime; _module_preset=\u00a0\u00bbdefault\u00a0\u00bb header_3_font=\u00a0\u00bbNoto Sans Palmyrene|700|||||||\u00a0\u00bb header_3_text_color=\u00a0\u00bb#FFFFFF\u00a0\u00bb header_3_line_height=\u00a0\u00bb1.2em\u00a0\u00bb custom_margin=\u00a0\u00bb5vh||||false|false\u00a0\u00bb global_colors_info=\u00a0\u00bb{}\u00a0\u00bb]<\/p>\n<h3><span>Un accompagnement soign\u00e9 pour faire face aux conditions de travail difficiles<\/span><\/h3>\n<p>[\/et_pb_text][et_pb_text _builder_version=\u00a0\u00bb4.27.0&Prime; _module_preset=\u00a0\u00bbdefault\u00a0\u00bb text_font=\u00a0\u00bbNoto Sans Palmyrene||||||||\u00a0\u00bb text_text_color=\u00a0\u00bb#FFFFFF\u00a0\u00bb header_5_font=\u00a0\u00bbNoto Sans Palmyrene||||||||\u00a0\u00bb header_5_text_color=\u00a0\u00bbgcid-16467b78-10bb-4cb4-bc15-2dc93fec915e\u00a0\u00bb header_5_font_size=\u00a0\u00bb15px\u00a0\u00bb header_5_line_height=\u00a0\u00bb1.3em\u00a0\u00bb global_colors_info=\u00a0\u00bb{%22gcid-16467b78-10bb-4cb4-bc15-2dc93fec915e%22:%91%22header_5_text_color%22%93}\u00a0\u00bb]<\/p>\n<h5><span class=\"editor-color-2\">Les<strong>\u00a0conditions de travail difficiles<\/strong>\u00a0sont un des probl\u00e8mes principaux qui freine la venue des collaborateurs. Comment trouver des personnes qui acceptent de travailler en milieu difficile, voire exigeant ?<\/span><\/h5>\n<p>Nous avons compris que le seul moyen d\u2019y parvenir \u00e9tait de d\u00e9velopper notre potentiel global d\u2019attractivit\u00e9. C\u2019est gr\u00e2ce \u00e0 nos valeurs que nous attirons les candidats \u00e0\u00a0<strong>profil p\u00e9nurique<\/strong>. Ils travaillent pour nous, appr\u00e9cient notre accompagnement, notre fa\u00e7on de les consid\u00e9rer. Nous leur garantissons une \u00e9coute, un accompagnement multidimensionnel, une aide \u00e0 l\u2019installation et \u00e0 l\u2019int\u00e9gration dans votre entreprise.<\/p>\n<p>[\/et_pb_text][\/et_pb_column][\/et_pb_row][\/et_pb_section][et_pb_section fb_built=\u00a0\u00bb1&Prime; _builder_version=\u00a0\u00bb4.27.0&Prime; _module_preset=\u00a0\u00bbdefault\u00a0\u00bb global_colors_info=\u00a0\u00bb{}\u00a0\u00bb][et_pb_row column_structure=\u00a0\u00bb1_2,1_2&Prime; _builder_version=\u00a0\u00bb4.27.0&Prime; _module_preset=\u00a0\u00bbdefault\u00a0\u00bb max_width=\u00a0\u00bb1400px\u00a0\u00bb global_colors_info=\u00a0\u00bb{}\u00a0\u00bb][et_pb_column type=\u00a0\u00bb1_2&Prime; _builder_version=\u00a0\u00bb4.27.0&Prime; _module_preset=\u00a0\u00bbdefault\u00a0\u00bb global_colors_info=\u00a0\u00bb{}\u00a0\u00bb][et_pb_text _builder_version=\u00a0\u00bb4.27.0&Prime; _module_preset=\u00a0\u00bbdefault\u00a0\u00bb header_3_font=\u00a0\u00bbNoto Sans Palmyrene|700|||||||\u00a0\u00bb header_3_text_color=\u00a0\u00bbgcid-primary-color\u00a0\u00bb global_colors_info=\u00a0\u00bb{%22gcid-primary-color%22:%91%22header_3_text_color%22%93}\u00a0\u00bb]<\/p>\n<h3><span>Nous valorisons les m\u00e9tiers en tension que vous cherchez<\/span><\/h3>\n<p>[\/et_pb_text][et_pb_text _builder_version=\u00a0\u00bb4.27.0&Prime; _module_preset=\u00a0\u00bbdefault\u00a0\u00bb text_text_color=\u00a0\u00bbgcid-primary-color\u00a0\u00bb global_colors_info=\u00a0\u00bb{%22gcid-primary-color%22:%91%22text_text_color%22%93}\u00a0\u00bb]<\/p>\n<p>La construction industrielle est un secteur m\u00e9connu, qui cr\u00e9e des emplois divers :<\/p>\n<ul>\n<li>Peintre industriel<\/li>\n<li>Sableur<\/li>\n<li>\u00c9lectricien nucl\u00e9aire<\/li>\n<li>Monteur \u00e9chafaudage<\/li>\n<li>\u00c9tancheur<\/li>\n<li>Couvreurs<\/li>\n<li>Tuyauteurs<\/li>\n<li>Plombiers Chauffagistes<\/li>\n<li>Conducteur de travaux<\/li>\n<li>Ma\u00eetre compagnon<\/li>\n<\/ul>\n<p>Quand nous nous appr\u00eatons \u00e0 recruter, nous cherchons d\u2019abord \u00e0 \u00e9valuer si votre entreprise pourra former en interne.<\/p>\n<ul>\n<li>Devrons-nous construire un bref parcours de formation externe pour adapter le profil avant qu\u2019il prenne son poste ?<\/li>\n<li>Votre entreprise peut-elle transmettre elle-m\u00eame ses savoir-faire ?<\/li>\n<li>Doit-on mettre \u00e0 niveau les comp\u00e9tences li\u00e9es \u00e0 la s\u00e9curit\u00e9 au travail ?<\/li>\n<\/ul>\n<p>Ensuite, nous cherchons \u00e0 savoir si vos besoins sont ponctuels ou durables. C\u2019est une donn\u00e9e fondamentale dans notre d\u00e9marche. Nous souhaitons vous fournir des profils dans les\u00a0<strong>m\u00e9tiers p\u00e9nuriques<\/strong>\u00a0qui seront aptes \u00e0 travailler, mais aussi pr\u00eats \u00e0 rester si c\u2019est votre souhait.<\/p>\n<p>[\/et_pb_text][\/et_pb_column][et_pb_column type=\u00a0\u00bb1_2&Prime; _builder_version=\u00a0\u00bb4.27.0&Prime; _module_preset=\u00a0\u00bbdefault\u00a0\u00bb global_colors_info=\u00a0\u00bb{}\u00a0\u00bb][et_pb_image src=\u00a0\u00bbhttps:\/\/2a-expertrh.fr\/wp-content\/uploads\/2024\/08\/ouvrier-batiment-industriel.jpeg\u00a0\u00bb title_text=\u00a0\u00bbRebar on  Job Site 3&Prime; _builder_version=\u00a0\u00bb4.27.0&Prime; _module_preset=\u00a0\u00bbdefault\u00a0\u00bb border_radii=\u00a0\u00bboff|50px||50px|\u00a0\u00bb global_colors_info=\u00a0\u00bb{}\u00a0\u00bb][\/et_pb_image][\/et_pb_column][\/et_pb_row][\/et_pb_section][et_pb_section fb_built=\u00a0\u00bb1&Prime; _builder_version=\u00a0\u00bb4.27.0&Prime; _module_preset=\u00a0\u00bbdefault\u00a0\u00bb background_color=\u00a0\u00bbgcid-primary-color\u00a0\u00bb global_colors_info=\u00a0\u00bb{%22gcid-primary-color%22:%91%22background_color%22%93}\u00a0\u00bb][et_pb_row _builder_version=\u00a0\u00bb4.27.0&Prime; _module_preset=\u00a0\u00bbdefault\u00a0\u00bb global_colors_info=\u00a0\u00bb{}\u00a0\u00bb][et_pb_column type=\u00a0\u00bb4_4&Prime; _builder_version=\u00a0\u00bb4.27.0&Prime; _module_preset=\u00a0\u00bbdefault\u00a0\u00bb global_colors_info=\u00a0\u00bb{}\u00a0\u00bb][et_pb_text _builder_version=\u00a0\u00bb4.27.0&Prime; _module_preset=\u00a0\u00bbdefault\u00a0\u00bb text_font=\u00a0\u00bbNoto Sans Palmyrene||||||||\u00a0\u00bb text_text_color=\u00a0\u00bb#FFFFFF\u00a0\u00bb width=\u00a0\u00bb50%\u00a0\u00bb module_alignment=\u00a0\u00bbcenter\u00a0\u00bb global_colors_info=\u00a0\u00bb{}\u00a0\u00bb]<\/p>\n<p>Nous savons sourcer en nous appuyant sur des comp\u00e9tences externes :<\/p>\n<p>Consultant sp\u00e9cialis\u00e9 en construction industrielle.<br \/>Expert en recrutement international.<br \/>R\u00e9seau d\u2019organismes de formations, d\u2019entreprises de votre secteur.<\/p>\n<p>Nous savons trouver vos futurs collaborateurs dans les\u00a0<strong>m\u00e9tiers en tension<\/strong>\u00a0pour des projets de recrutement individuels et d\u2019\u00e9quipe.<\/p>\n<p>[\/et_pb_text][\/et_pb_column][\/et_pb_row][\/et_pb_section][et_pb_section fb_built=\u00a0\u00bb1&Prime; _builder_version=\u00a0\u00bb4.27.0&Prime; _module_preset=\u00a0\u00bbdefault\u00a0\u00bb background_image=\u00a0\u00bbhttps:\/\/2a-expertrh.fr\/wp-content\/uploads\/2024\/08\/puce-list.svg\u00a0\u00bb background_size=\u00a0\u00bbinitial\u00a0\u00bb background_position=\u00a0\u00bbtop_left\u00a0\u00bb background_horizontal_offset=\u00a0\u00bb-14%\u00a0\u00bb global_colors_info=\u00a0\u00bb{}\u00a0\u00bb][et_pb_row _builder_version=\u00a0\u00bb4.27.0&Prime; _module_preset=\u00a0\u00bbdefault\u00a0\u00bb global_colors_info=\u00a0\u00bb{}\u00a0\u00bb][et_pb_column type=\u00a0\u00bb4_4&Prime; _builder_version=\u00a0\u00bb4.27.0&Prime; _module_preset=\u00a0\u00bbdefault\u00a0\u00bb global_colors_info=\u00a0\u00bb{}\u00a0\u00bb][et_pb_text _builder_version=\u00a0\u00bb4.27.0&Prime; _module_preset=\u00a0\u00bbdefault\u00a0\u00bb header_3_font=\u00a0\u00bbNoto Sans Palmyrene|700|||||||\u00a0\u00bb header_3_text_color=\u00a0\u00bbgcid-primary-color\u00a0\u00bb header_3_line_height=\u00a0\u00bb1.4em\u00a0\u00bb width=\u00a0\u00bb44%\u00a0\u00bb module_alignment=\u00a0\u00bbcenter\u00a0\u00bb custom_margin=\u00a0\u00bb||||false|false\u00a0\u00bb hover_enabled=\u00a0\u00bb0&Prime; global_colors_info=\u00a0\u00bb{%22gcid-primary-color%22:%91%22header_3_text_color%22%93}\u00a0\u00bb sticky_enabled=\u00a0\u00bb0&Prime;]<\/p>\n<h3 style=\"text-align: center;\"><span>Vous partagez nos valeurs et vous avez envie de tenter l\u2019exp\u00e9rience avec nous ?<\/span><\/h3>\n<p>[\/et_pb_text][et_pb_button button_url=\u00a0\u00bb@ET-DC@eyJkeW5hbWljIjp0cnVlLCJjb250ZW50IjoicG9zdF9saW5rX3VybF9wYWdlIiwic2V0dGluZ3MiOnsicG9zdF9pZCI6IjI0In19@\u00a0\u00bb button_text=\u00a0\u00bbContactez-nous !\u00a0\u00bb button_alignment=\u00a0\u00bbcenter\u00a0\u00bb _builder_version=\u00a0\u00bb4.27.0&Prime; _dynamic_attributes=\u00a0\u00bbbutton_url\u00a0\u00bb _module_preset=\u00a0\u00bbdefault\u00a0\u00bb custom_button=\u00a0\u00bbon\u00a0\u00bb button_text_size=\u00a0\u00bb17px\u00a0\u00bb button_text_color=\u00a0\u00bb#FFFFFF\u00a0\u00bb button_bg_color=\u00a0\u00bbgcid-primary-color\u00a0\u00bb button_border_width=\u00a0\u00bb3px\u00a0\u00bb button_border_color=\u00a0\u00bbgcid-primary-color\u00a0\u00bb button_border_radius=\u00a0\u00bb20px\u00a0\u00bb button_font=\u00a0\u00bb|600|||||||\u00a0\u00bb global_colors_info=\u00a0\u00bb{%22gcid-primary-color%22:%91%22button_bg_color%22,%22button_border_color%22%93}\u00a0\u00bb][\/et_pb_button][\/et_pb_column][\/et_pb_row][\/et_pb_section]<\/p>\n","protected":false},"excerpt":{"rendered":"<p>Recrutement en b\u00e2timent industrielNous savons sourcer en nous appuyant sur des comp\u00e9tences externes : Consultant sp\u00e9cialis\u00e9 en construction industrielle.Expert en recrutement international.R\u00e9seau d\u2019organismes de formations, d\u2019entreprises de votre secteur. Nous savons trouver vos futurs collaborateurs dans les\u00a0m\u00e9tiers en tension\u00a0pour des projets de recrutement individuels et d\u2019\u00e9quipe.Choisissez l\u2019innovation avec 2A EXPERT RH !La construction industrielle recrute [&hellip;]<\/p>\n","protected":false},"author":1,"featured_media":0,"parent":0,"menu_order":0,"comment_status":"closed","ping_status":"closed","template":"","meta":{"_et_pb_use_builder":"on","_et_pb_old_content":"","_et_gb_content_width":"","inline_featured_image":false,"footnotes":""},"class_list":["post-29031","page","type-page","status-publish","hentry"],"_links":{"self":[{"href":"https:\/\/2a-expertrh.fr\/en\/wp-json\/wp\/v2\/pages\/29031","targetHints":{"allow":["GET"]}}],"collection":[{"href":"https:\/\/2a-expertrh.fr\/en\/wp-json\/wp\/v2\/pages"}],"about":[{"href":"https:\/\/2a-expertrh.fr\/en\/wp-json\/wp\/v2\/types\/page"}],"author":[{"embeddable":true,"href":"https:\/\/2a-expertrh.fr\/en\/wp-json\/wp\/v2\/users\/1"}],"replies":[{"embeddable":true,"href":"https:\/\/2a-expertrh.fr\/en\/wp-json\/wp\/v2\/comments?post=29031"}],"version-history":[{"count":5,"href":"https:\/\/2a-expertrh.fr\/en\/wp-json\/wp\/v2\/pages\/29031\/revisions"}],"predecessor-version":[{"id":71417,"href":"https:\/\/2a-expertrh.fr\/en\/wp-json\/wp\/v2\/pages\/29031\/revisions\/71417"}],"wp:attachment":[{"href":"https:\/\/2a-expertrh.fr\/en\/wp-json\/wp\/v2\/media?parent=29031"}],"curies":[{"name":"wp","href":"https:\/\/api.w.org\/{rel}","templated":true}]}}