{"id":29018,"date":"2024-08-27T16:32:14","date_gmt":"2024-08-27T14:32:14","guid":{"rendered":"https:\/\/2a-expertrh.fr\/?page_id=29018"},"modified":"2024-08-28T17:04:47","modified_gmt":"2024-08-28T15:04:47","slug":"textile","status":"publish","type":"page","link":"https:\/\/2a-expertrh.fr\/en\/textile\/","title":{"rendered":"Textile"},"content":{"rendered":"<p>[et_pb_section fb_built=\u00a0\u00bb1&Prime; _builder_version=\u00a0\u00bb4.27.0&Prime; _module_preset=\u00a0\u00bbdefault\u00a0\u00bb background_image=\u00a0\u00bbhttps:\/\/2a-expertrh.fr\/wp-content\/uploads\/2024\/08\/photo-adapter.jpeg\u00a0\u00bb background_position=\u00a0\u00bbtop_center\u00a0\u00bb min_height=\u00a0\u00bb60vh\u00a0\u00bb custom_margin=\u00a0\u00bb||0px||false|false\u00a0\u00bb custom_padding=\u00a0\u00bb||0px||false|false\u00a0\u00bb global_colors_info=\u00a0\u00bb{}\u00a0\u00bb][et_pb_row _builder_version=\u00a0\u00bb4.27.0&Prime; _module_preset=\u00a0\u00bbdefault\u00a0\u00bb width=\u00a0\u00bb100%\u00a0\u00bb max_width=\u00a0\u00bb1000vh\u00a0\u00bb module_alignment=\u00a0\u00bbcenter\u00a0\u00bb min_height=\u00a0\u00bb20vh\u00a0\u00bb custom_margin=\u00a0\u00bb45vh||0px||false|false\u00a0\u00bb custom_padding=\u00a0\u00bb||0px||false|false\u00a0\u00bb hover_enabled=\u00a0\u00bb0&Prime; global_colors_info=\u00a0\u00bb{%22gcid-primary-color%22:%91%22background_color%22%93}\u00a0\u00bb background_enable_color=\u00a0\u00bboff\u00a0\u00bb title_text=\u00a0\u00bbfond arrondi bleu@4x\u00a0\u00bb background_image=\u00a0\u00bbhttps:\/\/2a-expertrh.fr\/wp-content\/uploads\/2024\/08\/fond-arrondi-bleu@4x.png\u00a0\u00bb sticky_enabled=\u00a0\u00bb0&Prime;][et_pb_column type=\u00a0\u00bb4_4&Prime; _builder_version=\u00a0\u00bb4.27.0&Prime; _module_preset=\u00a0\u00bbdefault\u00a0\u00bb global_colors_info=\u00a0\u00bb{}\u00a0\u00bb][et_pb_text _builder_version=\u00a0\u00bb4.27.0&Prime; _module_preset=\u00a0\u00bbdefault\u00a0\u00bb text_font=\u00a0\u00bbNoto Sans Palmyrene||||||||\u00a0\u00bb text_text_color=\u00a0\u00bb#FFFFFF\u00a0\u00bb text_font_size=\u00a0\u00bb17px\u00a0\u00bb header_2_font=\u00a0\u00bbNoto Sans Palmyrene|700|||||||\u00a0\u00bb header_2_text_color=\u00a0\u00bb#FFFFFF\u00a0\u00bb header_2_font_size=\u00a0\u00bb30px\u00a0\u00bb custom_margin=\u00a0\u00bb6vh||||false|false\u00a0\u00bb global_colors_info=\u00a0\u00bb{}\u00a0\u00bb]<\/p>\n<h2 style=\"text-align: center;\">Recruter dans le secteur du textile<\/h2>\n<p>[\/et_pb_text][\/et_pb_column][\/et_pb_row][\/et_pb_section][et_pb_section fb_built=\u00a0\u00bb1&Prime; _builder_version=\u00a0\u00bb4.27.0&Prime; _module_preset=\u00a0\u00bbdefault\u00a0\u00bb background_enable_image=\u00a0\u00bboff\u00a0\u00bb background_size=\u00a0\u00bbinitial\u00a0\u00bb background_position=\u00a0\u00bbtop_left\u00a0\u00bb background_horizontal_offset=\u00a0\u00bb-16%\u00a0\u00bb global_colors_info=\u00a0\u00bb{}\u00a0\u00bb][et_pb_row _builder_version=\u00a0\u00bb4.27.0&Prime; _module_preset=\u00a0\u00bbdefault\u00a0\u00bb max_width=\u00a0\u00bb1500px\u00a0\u00bb global_colors_info=\u00a0\u00bb{}\u00a0\u00bb][et_pb_column type=\u00a0\u00bb4_4&Prime; _builder_version=\u00a0\u00bb4.27.0&Prime; _module_preset=\u00a0\u00bbdefault\u00a0\u00bb global_colors_info=\u00a0\u00bb{}\u00a0\u00bb][et_pb_text _builder_version=\u00a0\u00bb4.27.0&Prime; _module_preset=\u00a0\u00bbdefault\u00a0\u00bb header_3_font=\u00a0\u00bbNoto Sans Palmyrene|700|||||||\u00a0\u00bb header_3_text_color=\u00a0\u00bbgcid-primary-color\u00a0\u00bb custom_margin=\u00a0\u00bb||||false|false\u00a0\u00bb global_colors_info=\u00a0\u00bb{%22gcid-primary-color%22:%91%22header_3_text_color%22%93}\u00a0\u00bb]<\/p>\n<h3><span>Le textile est un secteur particulier. La main d\u2019\u0153uvre doit faire preuve de pr\u00e9cision. Le souci du d\u00e9tail est primordial.<\/span><\/h3>\n<p>[\/et_pb_text][et_pb_text _builder_version=\u00a0\u00bb4.27.0&Prime; _module_preset=\u00a0\u00bbdefault\u00a0\u00bb text_text_color=\u00a0\u00bbgcid-primary-color\u00a0\u00bb global_colors_info=\u00a0\u00bb{%22gcid-primary-color%22:%91%22text_text_color%22%93}\u00a0\u00bb]<\/p>\n<p><span>Vous peinez \u00e0 trouver des\u00a0<\/span><strong>profils p\u00e9nuriques comp\u00e9tents<\/strong><span>\u00a0pour r\u00e9pondre aux commandes ? Nous appliquons, \u00e0 notre m\u00e9thodologie de recrutement, une exigence \u00e9lev\u00e9e dans l\u2019\u00e9tude de toutes les facettes de votre besoin. Nous avons une obligation de r\u00e9sultat. Nous devons trouver le ou les profils p\u00e9nuriques qui contribueront au d\u00e9veloppement de votre entreprise. Chez 2A EXPERT RH, nous sommes diff\u00e9rents et notre sp\u00e9cialit\u00e9 est le recrutement\u00a0<\/span><strong>dans les m\u00e9tiers en tension<\/strong><span>.<\/span><\/p>\n<p>[\/et_pb_text][\/et_pb_column][\/et_pb_row][\/et_pb_section][et_pb_section fb_built=\u00a0\u00bb1&Prime; _builder_version=\u00a0\u00bb4.27.0&Prime; _module_preset=\u00a0\u00bbdefault\u00a0\u00bb background_color=\u00a0\u00bb#F2F2F2&Prime; global_colors_info=\u00a0\u00bb{}\u00a0\u00bb][et_pb_row column_structure=\u00a0\u00bb1_2,1_2&Prime; _builder_version=\u00a0\u00bb4.27.0&Prime; _module_preset=\u00a0\u00bbdefault\u00a0\u00bb max_width=\u00a0\u00bb1400px\u00a0\u00bb global_colors_info=\u00a0\u00bb{}\u00a0\u00bb][et_pb_column type=\u00a0\u00bb1_2&Prime; _builder_version=\u00a0\u00bb4.27.0&Prime; _module_preset=\u00a0\u00bbdefault\u00a0\u00bb global_colors_info=\u00a0\u00bb{}\u00a0\u00bb][et_pb_text _builder_version=\u00a0\u00bb4.27.0&Prime; _module_preset=\u00a0\u00bbdefault\u00a0\u00bb header_3_font=\u00a0\u00bbNoto Sans Palmyrene|700|||||||\u00a0\u00bb header_3_text_color=\u00a0\u00bbgcid-primary-color\u00a0\u00bb custom_margin=\u00a0\u00bb10vh||||false|false\u00a0\u00bb global_colors_info=\u00a0\u00bb{%22gcid-primary-color%22:%91%22header_3_text_color%22%93}\u00a0\u00bb]<\/p>\n<h3><span>Pourquoi faire appel \u00e0 nous pour votre recrutement textile ?<\/span><\/h3>\n<p>[\/et_pb_text][et_pb_text _builder_version=\u00a0\u00bb4.27.0&Prime; _module_preset=\u00a0\u00bbdefault\u00a0\u00bb text_text_color=\u00a0\u00bbgcid-primary-color\u00a0\u00bb header_5_font=\u00a0\u00bbNoto Sans Palmyrene||||||||\u00a0\u00bb header_5_text_color=\u00a0\u00bbgcid-16467b78-10bb-4cb4-bc15-2dc93fec915e\u00a0\u00bb header_5_font_size=\u00a0\u00bb15px\u00a0\u00bb header_5_line_height=\u00a0\u00bb1.5em\u00a0\u00bb global_colors_info=\u00a0\u00bb{%22gcid-primary-color%22:%91%22text_text_color%22%93,%22gcid-16467b78-10bb-4cb4-bc15-2dc93fec915e%22:%91%22header_5_text_color%22%93}\u00a0\u00bb]<\/p>\n<h5><span class=\"editor-color-2\">Le secteur textile a d\u00e9truit pendant 40 ans ses emplois, avec les pertes de comp\u00e9tences qui vont avec.\u00a0 Depuis 2017, le textile recr\u00e9e des postes, mais les candidats ne sont plus au rendez-vous. Les\u00a0<strong>profils comp\u00e9tents en m\u00e9tiers en tension<\/strong>\u00a0sont tr\u00e8s recherch\u00e9s.\u00a0<\/span><\/h5>\n<p>Le made in France, le luxe, et le textile technique, tirent la croissance : ils ont besoin de ces profils qualifi\u00e9s. Mais ils ne sont pas les seuls \u00e0 en avoir besoin, vous aussi !<\/p>\n<p>[\/et_pb_text][\/et_pb_column][et_pb_column type=\u00a0\u00bb1_2&Prime; _builder_version=\u00a0\u00bb4.27.0&Prime; _module_preset=\u00a0\u00bbdefault\u00a0\u00bb global_colors_info=\u00a0\u00bb{}\u00a0\u00bb][et_pb_image src=\u00a0\u00bbhttps:\/\/2a-expertrh.fr\/wp-content\/uploads\/2024\/08\/couturieres.jpg\u00a0\u00bb title_text=\u00a0\u00bbcouturieres\u00a0\u00bb _builder_version=\u00a0\u00bb4.27.0&Prime; _module_preset=\u00a0\u00bbdefault\u00a0\u00bb border_radii=\u00a0\u00bboff|50px||50px|\u00a0\u00bb global_colors_info=\u00a0\u00bb{}\u00a0\u00bb][\/et_pb_image][\/et_pb_column][\/et_pb_row][\/et_pb_section][et_pb_section fb_built=\u00a0\u00bb1&Prime; _builder_version=\u00a0\u00bb4.27.0&Prime; _module_preset=\u00a0\u00bbdefault\u00a0\u00bb background_color=\u00a0\u00bb#F2F2F2&Prime; global_colors_info=\u00a0\u00bb{}\u00a0\u00bb][et_pb_row _builder_version=\u00a0\u00bb4.27.0&Prime; _module_preset=\u00a0\u00bbdefault\u00a0\u00bb custom_padding=\u00a0\u00bb0px||0px||true|false\u00a0\u00bb global_colors_info=\u00a0\u00bb{}\u00a0\u00bb][et_pb_column type=\u00a0\u00bb4_4&Prime; _builder_version=\u00a0\u00bb4.27.0&Prime; _module_preset=\u00a0\u00bbdefault\u00a0\u00bb global_colors_info=\u00a0\u00bb{}\u00a0\u00bb][et_pb_text _builder_version=\u00a0\u00bb4.27.0&Prime; _module_preset=\u00a0\u00bbdefault\u00a0\u00bb text_font=\u00a0\u00bbNoto Sans Palmyrene||||||||\u00a0\u00bb text_text_color=\u00a0\u00bbgcid-primary-color\u00a0\u00bb text_line_height=\u00a0\u00bb3em\u00a0\u00bb global_colors_info=\u00a0\u00bb{%22gcid-primary-color%22:%91%22text_text_color%22%93}\u00a0\u00bb]<\/p>\n<p>C\u2019est pourquoi nous prenons le temps de conna\u00eetre votre soci\u00e9t\u00e9 :<\/p>\n<ul>\n<li>Nous apportons les forces vives qui vont alimenter sur le long terme votre strat\u00e9gie de d\u00e9veloppement.<\/li>\n<li>Nous fonctionnons par r\u00e9seau, moyen que nous consid\u00e9rons efficace pour sourcer.<\/li>\n<li>Nous savons vous apporter des \u00e9quipes compl\u00e8tes de collaborateurs, ce qui vous \u00e9vite le tri des candidatures.<\/li>\n<li>Nous recrutons en nous appuyant sur des experts m\u00e9tier du textile, des\u00a0<strong>professionnels aux profils p\u00e9nuriques<\/strong>\u00a0qui ont fait leur carri\u00e8re en entreprise.<\/li>\n<li>Nous nous sommes dot\u00e9s d\u2019un expert en recrutement international pour \u00e9largir le champ des possibles dans les pays \u00e0 bas co\u00fbts.<\/li>\n<\/ul>\n<p>Notre politique est de chercher des personnes qui ont envie de s\u2019installer. Pour cela, nous les accompagnons dans leur s\u00e9dentarisation.<\/p>\n<p>[\/et_pb_text][\/et_pb_column][\/et_pb_row][\/et_pb_section][et_pb_section fb_built=\u00a0\u00bb1&Prime; _builder_version=\u00a0\u00bb4.27.0&Prime; _module_preset=\u00a0\u00bbdefault\u00a0\u00bb background_color=\u00a0\u00bbgcid-primary-color\u00a0\u00bb global_colors_info=\u00a0\u00bb{%22gcid-primary-color%22:%91%22background_color%22%93}\u00a0\u00bb][et_pb_row column_structure=\u00a0\u00bb1_2,1_2&Prime; _builder_version=\u00a0\u00bb4.27.0&Prime; _module_preset=\u00a0\u00bbdefault\u00a0\u00bb max_width=\u00a0\u00bb1400px\u00a0\u00bb global_colors_info=\u00a0\u00bb{}\u00a0\u00bb][et_pb_column type=\u00a0\u00bb1_2&Prime; _builder_version=\u00a0\u00bb4.27.0&Prime; _module_preset=\u00a0\u00bbdefault\u00a0\u00bb global_colors_info=\u00a0\u00bb{}\u00a0\u00bb][et_pb_image src=\u00a0\u00bbhttps:\/\/2a-expertrh.fr\/wp-content\/uploads\/2024\/08\/solutions-handicap-1536&#215;1024-2.jpg\u00a0\u00bb title_text=\u00a0\u00bbsolutions-handicap-1536&#215;1024&Prime; _builder_version=\u00a0\u00bb4.27.0&Prime; _module_preset=\u00a0\u00bbdefault\u00a0\u00bb border_radii=\u00a0\u00bboff|50px||50px|\u00a0\u00bb global_colors_info=\u00a0\u00bb{}\u00a0\u00bb][\/et_pb_image][\/et_pb_column][et_pb_column type=\u00a0\u00bb1_2&Prime; _builder_version=\u00a0\u00bb4.27.0&Prime; _module_preset=\u00a0\u00bbdefault\u00a0\u00bb global_colors_info=\u00a0\u00bb{}\u00a0\u00bb][et_pb_text _builder_version=\u00a0\u00bb4.27.0&Prime; _module_preset=\u00a0\u00bbdefault\u00a0\u00bb header_3_font=\u00a0\u00bbNoto Sans Palmyrene|700|||||||\u00a0\u00bb header_3_text_color=\u00a0\u00bb#FFFFFF\u00a0\u00bb header_3_line_height=\u00a0\u00bb1.2em\u00a0\u00bb custom_margin=\u00a0\u00bb||||false|false\u00a0\u00bb global_colors_info=\u00a0\u00bb{}\u00a0\u00bb]<\/p>\n<h3>Ce que nous faisons pour vous pour les m\u00e9tiers en tension<\/h3>\n<p>[\/et_pb_text][et_pb_text _builder_version=\u00a0\u00bb4.27.0&Prime; _module_preset=\u00a0\u00bbdefault\u00a0\u00bb text_text_color=\u00a0\u00bb#FFFFFF\u00a0\u00bb header_5_font=\u00a0\u00bbNoto Sans Palmyrene||||||||\u00a0\u00bb header_5_text_color=\u00a0\u00bbgcid-16467b78-10bb-4cb4-bc15-2dc93fec915e\u00a0\u00bb header_5_font_size=\u00a0\u00bb15px\u00a0\u00bb header_5_line_height=\u00a0\u00bb1.5em\u00a0\u00bb global_colors_info=\u00a0\u00bb{%22gcid-16467b78-10bb-4cb4-bc15-2dc93fec915e%22:%91%22header_5_text_color%22%93}\u00a0\u00bb]<\/p>\n<h5><span class=\"editor-color-2\">Nous sour\u00e7ons \u00e9galement en local, en compl\u00e9tant leur formation lorsqu\u2019ils n\u2019ont pas tout \u00e0 fait les comp\u00e9tences requises.\u00a0Et si besoin, nous nous tournons vers l\u2019\u00e9tranger pour trouver des profils sp\u00e9cifiques.\u00a0<\/span><\/h5>\n<p>Quels sont les postes dont vous pouvez avoir besoin ?<\/p>\n<ul>\n<li><strong>Coupeur<\/strong><\/li>\n<li><strong>Couturi\u00e8re<\/strong><\/li>\n<li><strong>Ourdisseur<\/strong><\/li>\n<li><strong>Technicien de maintenance<\/strong><\/li>\n<li><strong>Conducteur appr\u00eats teinture<\/strong><\/li>\n<li><strong>Chef de produit \/ responsable production<\/strong><\/li>\n<\/ul>\n<p>2A EXPERT RH se positionne comme partenaire du volet humain de votre strat\u00e9gie de d\u00e9veloppement.<\/p>\n<p>[\/et_pb_text][\/et_pb_column][\/et_pb_row][\/et_pb_section][et_pb_section fb_built=\u00a0\u00bb1&Prime; _builder_version=\u00a0\u00bb4.27.0&Prime; _module_preset=\u00a0\u00bbdefault\u00a0\u00bb background_enable_image=\u00a0\u00bboff\u00a0\u00bb background_size=\u00a0\u00bbinitial\u00a0\u00bb background_position=\u00a0\u00bbtop_left\u00a0\u00bb background_horizontal_offset=\u00a0\u00bb-16%\u00a0\u00bb global_colors_info=\u00a0\u00bb{}\u00a0\u00bb][et_pb_row _builder_version=\u00a0\u00bb4.27.0&Prime; _module_preset=\u00a0\u00bbdefault\u00a0\u00bb width=\u00a0\u00bb45%\u00a0\u00bb max_width=\u00a0\u00bb1500px\u00a0\u00bb global_colors_info=\u00a0\u00bb{}\u00a0\u00bb][et_pb_column type=\u00a0\u00bb4_4&Prime; _builder_version=\u00a0\u00bb4.27.0&Prime; _module_preset=\u00a0\u00bbdefault\u00a0\u00bb global_colors_info=\u00a0\u00bb{}\u00a0\u00bb][et_pb_text _builder_version=\u00a0\u00bb4.27.0&Prime; _module_preset=\u00a0\u00bbdefault\u00a0\u00bb text_text_color=\u00a0\u00bbgcid-primary-color\u00a0\u00bb text_line_height=\u00a0\u00bb3em\u00a0\u00bb global_colors_info=\u00a0\u00bb{%22gcid-primary-color%22:%91%22text_text_color%22%93}\u00a0\u00bb]<\/p>\n<p>Nous mettons en \u0153uvre une proc\u00e9dure op\u00e9rationnelle :<\/p>\n<ul>\n<li>Analyse du ou des postes p\u00e9nuriques \u00e0 pouvoir.<\/li>\n<li>Analyse de votre soci\u00e9t\u00e9 du point de vue RH : pouvez-vous former en interne ? Votre besoin est conjoncturel ou structurel ?<\/li>\n<li>R\u00e9alisation d\u2019un document r\u00e9capitulatif valid\u00e9 par vous.<\/li>\n<li>Point sur les candidats de notre r\u00e9seau comp\u00e9tents et disponibles pour votre poste.<\/li>\n<li>Recrutement de\u00a0<strong>comp\u00e9tences p\u00e9nuriques<\/strong>\u00a0si nous n\u2019en avons pas en interne (sur la base des r\u00e9seaux sociaux, des fichiers des \u00e9coles, des r\u00e9seaux d\u2019ambassades).<\/li>\n<li>Contr\u00f4les de r\u00e9f\u00e9rences.<\/li>\n<li>Proposition de candidatures.<\/li>\n<li>Formation si besoin.<\/li>\n<\/ul>\n<p>Notre diff\u00e9rence : savoir\u00a0<strong>recruter les bons profils en tension<\/strong>, qui resteront. C\u2019est un point essentiel.<\/p>\n<p>[\/et_pb_text][\/et_pb_column][\/et_pb_row][\/et_pb_section][et_pb_section fb_built=\u00a0\u00bb1&Prime; _builder_version=\u00a0\u00bb4.27.0&Prime; _module_preset=\u00a0\u00bbdefault\u00a0\u00bb background_image=\u00a0\u00bbhttps:\/\/2a-expertrh.fr\/wp-content\/uploads\/2024\/08\/puce-list.svg\u00a0\u00bb background_size=\u00a0\u00bbinitial\u00a0\u00bb background_position=\u00a0\u00bbtop_left\u00a0\u00bb background_horizontal_offset=\u00a0\u00bb-14%\u00a0\u00bb global_colors_info=\u00a0\u00bb{}\u00a0\u00bb][et_pb_row _builder_version=\u00a0\u00bb4.27.0&Prime; _module_preset=\u00a0\u00bbdefault\u00a0\u00bb global_colors_info=\u00a0\u00bb{}\u00a0\u00bb][et_pb_column type=\u00a0\u00bb4_4&Prime; _builder_version=\u00a0\u00bb4.27.0&Prime; _module_preset=\u00a0\u00bbdefault\u00a0\u00bb global_colors_info=\u00a0\u00bb{}\u00a0\u00bb][et_pb_text _builder_version=\u00a0\u00bb4.27.0&Prime; _module_preset=\u00a0\u00bbdefault\u00a0\u00bb header_3_font=\u00a0\u00bbNoto Sans Palmyrene|700|||||||\u00a0\u00bb header_3_text_color=\u00a0\u00bbgcid-primary-color\u00a0\u00bb header_3_line_height=\u00a0\u00bb1.4em\u00a0\u00bb width=\u00a0\u00bb44%\u00a0\u00bb module_alignment=\u00a0\u00bbcenter\u00a0\u00bb custom_margin=\u00a0\u00bb||||false|false\u00a0\u00bb global_colors_info=\u00a0\u00bb{%22gcid-primary-color%22:%91%22header_3_text_color%22%93}\u00a0\u00bb]<\/p>\n<h3 style=\"text-align: center;\"><span>Vous partagez nos valeurs et vous avez envie de tenter l\u2019exp\u00e9rience avec nous ?<\/span><\/h3>\n<p>[\/et_pb_text][et_pb_button button_url=\u00a0\u00bb@ET-DC@eyJkeW5hbWljIjp0cnVlLCJjb250ZW50IjoicG9zdF9saW5rX3VybF9wYWdlIiwic2V0dGluZ3MiOnsicG9zdF9pZCI6IjI0In19@\u00a0\u00bb button_text=\u00a0\u00bbContactez-nous !\u00a0\u00bb button_alignment=\u00a0\u00bbcenter\u00a0\u00bb _builder_version=\u00a0\u00bb4.27.0&Prime; _dynamic_attributes=\u00a0\u00bbbutton_url\u00a0\u00bb _module_preset=\u00a0\u00bbdefault\u00a0\u00bb custom_button=\u00a0\u00bbon\u00a0\u00bb button_text_size=\u00a0\u00bb17px\u00a0\u00bb button_text_color=\u00a0\u00bb#FFFFFF\u00a0\u00bb button_bg_color=\u00a0\u00bbgcid-primary-color\u00a0\u00bb button_border_width=\u00a0\u00bb3px\u00a0\u00bb button_border_color=\u00a0\u00bbgcid-primary-color\u00a0\u00bb button_border_radius=\u00a0\u00bb20px\u00a0\u00bb button_font=\u00a0\u00bb|600|||||||\u00a0\u00bb global_colors_info=\u00a0\u00bb{%22gcid-primary-color%22:%91%22button_bg_color%22,%22button_border_color%22%93}\u00a0\u00bb][\/et_pb_button][\/et_pb_column][\/et_pb_row][\/et_pb_section]<\/p>\n","protected":false},"excerpt":{"rendered":"<p>Recruter dans le secteur du textileLe textile est un secteur particulier. La main d\u2019\u0153uvre doit faire preuve de pr\u00e9cision. Le souci du d\u00e9tail est primordial.Vous peinez \u00e0 trouver des\u00a0profils p\u00e9nuriques comp\u00e9tents\u00a0pour r\u00e9pondre aux commandes ? Nous appliquons, \u00e0 notre m\u00e9thodologie de recrutement, une exigence \u00e9lev\u00e9e dans l\u2019\u00e9tude de toutes les facettes de votre besoin. Nous [&hellip;]<\/p>\n","protected":false},"author":1,"featured_media":0,"parent":0,"menu_order":0,"comment_status":"closed","ping_status":"closed","template":"","meta":{"_et_pb_use_builder":"on","_et_pb_old_content":"","_et_gb_content_width":"","inline_featured_image":false,"footnotes":""},"class_list":["post-29018","page","type-page","status-publish","hentry"],"_links":{"self":[{"href":"https:\/\/2a-expertrh.fr\/en\/wp-json\/wp\/v2\/pages\/29018","targetHints":{"allow":["GET"]}}],"collection":[{"href":"https:\/\/2a-expertrh.fr\/en\/wp-json\/wp\/v2\/pages"}],"about":[{"href":"https:\/\/2a-expertrh.fr\/en\/wp-json\/wp\/v2\/types\/page"}],"author":[{"embeddable":true,"href":"https:\/\/2a-expertrh.fr\/en\/wp-json\/wp\/v2\/users\/1"}],"replies":[{"embeddable":true,"href":"https:\/\/2a-expertrh.fr\/en\/wp-json\/wp\/v2\/comments?post=29018"}],"version-history":[{"count":6,"href":"https:\/\/2a-expertrh.fr\/en\/wp-json\/wp\/v2\/pages\/29018\/revisions"}],"predecessor-version":[{"id":71424,"href":"https:\/\/2a-expertrh.fr\/en\/wp-json\/wp\/v2\/pages\/29018\/revisions\/71424"}],"wp:attachment":[{"href":"https:\/\/2a-expertrh.fr\/en\/wp-json\/wp\/v2\/media?parent=29018"}],"curies":[{"name":"wp","href":"https:\/\/api.w.org\/{rel}","templated":true}]}}