{"id":29003,"date":"2024-08-27T16:14:13","date_gmt":"2024-08-27T14:14:13","guid":{"rendered":"https:\/\/2a-expertrh.fr\/?page_id=29003"},"modified":"2024-08-28T16:55:43","modified_gmt":"2024-08-28T14:55:43","slug":"nautique","status":"publish","type":"page","link":"https:\/\/2a-expertrh.fr\/en\/nautique\/","title":{"rendered":"Nautique"},"content":{"rendered":"<p>[et_pb_section fb_built=\u00a0\u00bb1&Prime; _builder_version=\u00a0\u00bb4.27.0&Prime; _module_preset=\u00a0\u00bbdefault\u00a0\u00bb background_image=\u00a0\u00bbhttps:\/\/2a-expertrh.fr\/wp-content\/uploads\/2024\/08\/nautisme.jpeg\u00a0\u00bb background_position=\u00a0\u00bbtop_center\u00a0\u00bb min_height=\u00a0\u00bb60vh\u00a0\u00bb custom_margin=\u00a0\u00bb||0px||false|false\u00a0\u00bb custom_padding=\u00a0\u00bb||0px||false|false\u00a0\u00bb global_colors_info=\u00a0\u00bb{}\u00a0\u00bb][et_pb_row _builder_version=\u00a0\u00bb4.27.0&Prime; _module_preset=\u00a0\u00bbdefault\u00a0\u00bb width=\u00a0\u00bb100%\u00a0\u00bb max_width=\u00a0\u00bb1000vh\u00a0\u00bb module_alignment=\u00a0\u00bbcenter\u00a0\u00bb min_height=\u00a0\u00bb20vh\u00a0\u00bb custom_margin=\u00a0\u00bb45vh||0px||false|false\u00a0\u00bb custom_padding=\u00a0\u00bb||0px||false|false\u00a0\u00bb hover_enabled=\u00a0\u00bb0&Prime; global_colors_info=\u00a0\u00bb{%22gcid-primary-color%22:%91%22background_color%22%93}\u00a0\u00bb background_enable_color=\u00a0\u00bboff\u00a0\u00bb title_text=\u00a0\u00bbfond arrondi bleu@4x\u00a0\u00bb background_image=\u00a0\u00bbhttps:\/\/2a-expertrh.fr\/wp-content\/uploads\/2024\/08\/fond-arrondi-bleu@4x.png\u00a0\u00bb sticky_enabled=\u00a0\u00bb0&Prime;][et_pb_column type=\u00a0\u00bb4_4&Prime; _builder_version=\u00a0\u00bb4.27.0&Prime; _module_preset=\u00a0\u00bbdefault\u00a0\u00bb global_colors_info=\u00a0\u00bb{}\u00a0\u00bb][et_pb_text _builder_version=\u00a0\u00bb4.27.0&Prime; _module_preset=\u00a0\u00bbdefault\u00a0\u00bb text_font=\u00a0\u00bbNoto Sans Palmyrene||||||||\u00a0\u00bb text_text_color=\u00a0\u00bb#FFFFFF\u00a0\u00bb text_font_size=\u00a0\u00bb17px\u00a0\u00bb header_2_font=\u00a0\u00bbNoto Sans Palmyrene|700|||||||\u00a0\u00bb header_2_text_color=\u00a0\u00bb#FFFFFF\u00a0\u00bb header_2_font_size=\u00a0\u00bb30px\u00a0\u00bb custom_margin=\u00a0\u00bb6vh||||false|false\u00a0\u00bb global_colors_info=\u00a0\u00bb{}\u00a0\u00bb]<\/p>\n<h2 style=\"text-align: center;\">Recruter dans le secteur Nautique<\/h2>\n<p>[\/et_pb_text][\/et_pb_column][\/et_pb_row][\/et_pb_section][et_pb_section fb_built=\u00a0\u00bb1&Prime; _builder_version=\u00a0\u00bb4.27.0&Prime; _module_preset=\u00a0\u00bbdefault\u00a0\u00bb background_image=\u00a0\u00bbhttps:\/\/2a-expertrh.fr\/wp-content\/uploads\/2024\/08\/puce-list.svg\u00a0\u00bb background_size=\u00a0\u00bbinitial\u00a0\u00bb background_position=\u00a0\u00bbtop_left\u00a0\u00bb background_horizontal_offset=\u00a0\u00bb-16%\u00a0\u00bb global_colors_info=\u00a0\u00bb{}\u00a0\u00bb][et_pb_row _builder_version=\u00a0\u00bb4.27.0&Prime; _module_preset=\u00a0\u00bbdefault\u00a0\u00bb max_width=\u00a0\u00bb1500px\u00a0\u00bb global_colors_info=\u00a0\u00bb{}\u00a0\u00bb][et_pb_column type=\u00a0\u00bb4_4&Prime; _builder_version=\u00a0\u00bb4.27.0&Prime; _module_preset=\u00a0\u00bbdefault\u00a0\u00bb global_colors_info=\u00a0\u00bb{}\u00a0\u00bb][et_pb_text _builder_version=\u00a0\u00bb4.27.0&Prime; _module_preset=\u00a0\u00bbdefault\u00a0\u00bb header_3_font=\u00a0\u00bbNoto Sans Palmyrene|700|||||||\u00a0\u00bb header_3_text_color=\u00a0\u00bbgcid-primary-color\u00a0\u00bb custom_margin=\u00a0\u00bb||||false|false\u00a0\u00bb global_colors_info=\u00a0\u00bb{%22gcid-primary-color%22:%91%22header_3_text_color%22%93}\u00a0\u00bb]<\/p>\n<h3><span>La France est le deuxi\u00e8me fabricant de bateaux de plaisance au monde, et le premier en Europe<\/span><\/h3>\n<p>[\/et_pb_text][et_pb_text _builder_version=\u00a0\u00bb4.27.0&Prime; _module_preset=\u00a0\u00bbdefault\u00a0\u00bb text_text_color=\u00a0\u00bbgcid-primary-color\u00a0\u00bb global_colors_info=\u00a0\u00bb{%22gcid-primary-color%22:%91%22text_text_color%22%93}\u00a0\u00bb]<\/p>\n<p>Vous faites partie d\u2019une des premi\u00e8res forces \u00e9conomiques du territoire, avec pr\u00e8s de 43 000 salari\u00e9s. 70 % de la main d\u2019\u0153uvre nautique est concentr\u00e9e en M\u00e9diterran\u00e9e et dans le Grand Ouest.<\/p>\n<p>Le dynamisme de votre secteur cr\u00e9e aussi une difficult\u00e9 chronique de\u00a0<strong>recrutement en m\u00e9tiers en tension<\/strong>.<\/p>\n<p>Vous avez des difficult\u00e9s \u00e0 trouver de bons candidats \u00e0\u00a0<strong>comp\u00e9tences rares<\/strong>\u00a0et \u00e0 les conserver ? Laissez-nous vous proposer nos solutions innovantes et inhabituelles. Elles vont faciliter le\u00a0<strong>recrutement de profils p\u00e9nuriques<\/strong>. Acc\u00e9dez \u00e0 nos r\u00e9seaux, et rejoignez les entreprises gagnantes.<\/p>\n<p>[\/et_pb_text][\/et_pb_column][\/et_pb_row][\/et_pb_section][et_pb_section fb_built=\u00a0\u00bb1&Prime; _builder_version=\u00a0\u00bb4.27.0&Prime; _module_preset=\u00a0\u00bbdefault\u00a0\u00bb background_color=\u00a0\u00bb#F2F2F2&Prime; global_colors_info=\u00a0\u00bb{}\u00a0\u00bb][et_pb_row column_structure=\u00a0\u00bb1_2,1_2&Prime; _builder_version=\u00a0\u00bb4.27.0&Prime; _module_preset=\u00a0\u00bbdefault\u00a0\u00bb max_width=\u00a0\u00bb1400px\u00a0\u00bb global_colors_info=\u00a0\u00bb{}\u00a0\u00bb][et_pb_column type=\u00a0\u00bb1_2&Prime; _builder_version=\u00a0\u00bb4.27.0&Prime; _module_preset=\u00a0\u00bbdefault\u00a0\u00bb global_colors_info=\u00a0\u00bb{}\u00a0\u00bb][et_pb_text _builder_version=\u00a0\u00bb4.27.0&Prime; _module_preset=\u00a0\u00bbdefault\u00a0\u00bb header_3_font=\u00a0\u00bbNoto Sans Palmyrene|700|||||||\u00a0\u00bb header_3_text_color=\u00a0\u00bbgcid-primary-color\u00a0\u00bb header_3_line_height=\u00a0\u00bb1.3em\u00a0\u00bb global_colors_info=\u00a0\u00bb{%22gcid-primary-color%22:%91%22header_3_text_color%22%93}\u00a0\u00bb]<\/p>\n<h3><span>Nautisme : vos profils p\u00e9nuriques sont divers et particuli\u00e8rement recherch\u00e9s<\/span><\/h3>\n<p>[\/et_pb_text][et_pb_text _builder_version=\u00a0\u00bb4.27.0&Prime; _module_preset=\u00a0\u00bbdefault\u00a0\u00bb text_text_color=\u00a0\u00bbgcid-primary-color\u00a0\u00bb text_line_height=\u00a0\u00bb2.1em\u00a0\u00bb global_colors_info=\u00a0\u00bb{%22gcid-primary-color%22:%91%22text_text_color%22%93}\u00a0\u00bb]<\/p>\n<p>En 2019, le secteur nautique regroupe 30 cat\u00e9gories diff\u00e9rentes d\u2019entreprises, dont les :<\/p>\n<ul>\n<li>Constructeurs.<\/li>\n<li>Int\u00e9grateurs.<\/li>\n<li>Motoristes.<\/li>\n<li>\u00c9quipementiers.<\/li>\n<li>Soci\u00e9t\u00e9s de maintenance.<\/li>\n<li>Architectes.<\/li>\n<li>Chantiers de d\u00e9construction, de recyclage.<\/li>\n<\/ul>\n<p>Saviez-vous que votre industrie est fortement tourn\u00e9e vers l\u2019international, avec un taux d\u2019export de 76,4 % ?<\/p>\n<p>&nbsp;<\/p>\n<p>&nbsp;<\/p>\n<p>&nbsp;<\/p>\n<p>Les\u00a0<strong>m\u00e9tiers p\u00e9nuriques<\/strong>\u00a0sont nombreux :<\/p>\n<ul>\n<li>\u00c9lectricien nautique<\/li>\n<li>\u00c9lectricien de maintenance<\/li>\n<li>Menuisier nautique<\/li>\n<li>Finisseur gelcoat<\/li>\n<li>M\u00e9canicien nautique<\/li>\n<li>Ajusteur m\u00e9canicien<\/li>\n<li>Plombier nautique<\/li>\n<li>Accastilleur<\/li>\n<li>Ing\u00e9nieur hydro\/ancrage<\/li>\n<li>Architecte ing\u00e9nieur naval<\/li>\n<li>Stratifieur mouliste<\/li>\n<li>Agent de maintenance en marine de plaisance<\/li>\n<\/ul>\n<p>[\/et_pb_text][\/et_pb_column][et_pb_column type=\u00a0\u00bb1_2&Prime; _builder_version=\u00a0\u00bb4.27.0&Prime; _module_preset=\u00a0\u00bbdefault\u00a0\u00bb global_colors_info=\u00a0\u00bb{}\u00a0\u00bb][et_pb_image src=\u00a0\u00bbhttps:\/\/2a-expertrh.fr\/wp-content\/uploads\/2024\/08\/technicien-bateau-nautique.jpg\u00a0\u00bb title_text=\u00a0\u00bbtechnicien-bateau-nautique\u00a0\u00bb _builder_version=\u00a0\u00bb4.27.0&Prime; _module_preset=\u00a0\u00bbdefault\u00a0\u00bb border_radii=\u00a0\u00bboff|50px||50px|\u00a0\u00bb global_colors_info=\u00a0\u00bb{}\u00a0\u00bb][\/et_pb_image][\/et_pb_column][\/et_pb_row][\/et_pb_section][et_pb_section fb_built=\u00a0\u00bb1&Prime; _builder_version=\u00a0\u00bb4.27.0&Prime; _module_preset=\u00a0\u00bbdefault\u00a0\u00bb background_color=\u00a0\u00bbgcid-primary-color\u00a0\u00bb global_colors_info=\u00a0\u00bb{%22gcid-primary-color%22:%91%22background_color%22%93}\u00a0\u00bb][et_pb_row column_structure=\u00a0\u00bb1_2,1_2&Prime; _builder_version=\u00a0\u00bb4.27.0&Prime; _module_preset=\u00a0\u00bbdefault\u00a0\u00bb max_width=\u00a0\u00bb1400px\u00a0\u00bb global_colors_info=\u00a0\u00bb{}\u00a0\u00bb][et_pb_column type=\u00a0\u00bb1_2&Prime; _builder_version=\u00a0\u00bb4.27.0&Prime; _module_preset=\u00a0\u00bbdefault\u00a0\u00bb global_colors_info=\u00a0\u00bb{}\u00a0\u00bb][et_pb_image src=\u00a0\u00bbhttps:\/\/2a-expertrh.fr\/wp-content\/uploads\/2024\/08\/mecanicien-nautique.jpg\u00a0\u00bb title_text=\u00a0\u00bbYoung handsome professional guy (male) cleaner, washes the yacht\u00a0\u00bb _builder_version=\u00a0\u00bb4.27.0&Prime; _module_preset=\u00a0\u00bbdefault\u00a0\u00bb border_radii=\u00a0\u00bboff|50px||50px|\u00a0\u00bb global_colors_info=\u00a0\u00bb{}\u00a0\u00bb][\/et_pb_image][\/et_pb_column][et_pb_column type=\u00a0\u00bb1_2&Prime; _builder_version=\u00a0\u00bb4.27.0&Prime; _module_preset=\u00a0\u00bbdefault\u00a0\u00bb global_colors_info=\u00a0\u00bb{}\u00a0\u00bb][et_pb_text _builder_version=\u00a0\u00bb4.27.0&Prime; _module_preset=\u00a0\u00bbdefault\u00a0\u00bb header_3_font=\u00a0\u00bbNoto Sans Palmyrene|700|||||||\u00a0\u00bb header_3_text_color=\u00a0\u00bb#FFFFFF\u00a0\u00bb header_3_line_height=\u00a0\u00bb1.2em\u00a0\u00bb custom_margin=\u00a0\u00bb5vh||||false|false\u00a0\u00bb global_colors_info=\u00a0\u00bb{}\u00a0\u00bb]<\/p>\n<h3><span>75 % des entreprises du secteur nautique sont de petite taille<\/span><\/h3>\n<p>[\/et_pb_text][et_pb_text _builder_version=\u00a0\u00bb4.27.0&Prime; _module_preset=\u00a0\u00bbdefault\u00a0\u00bb text_text_color=\u00a0\u00bb#FFFFFF\u00a0\u00bb header_5_font=\u00a0\u00bbNoto Sans Palmyrene||||||||\u00a0\u00bb header_5_text_color=\u00a0\u00bbgcid-16467b78-10bb-4cb4-bc15-2dc93fec915e\u00a0\u00bb header_5_line_height=\u00a0\u00bb1.3em\u00a0\u00bb global_colors_info=\u00a0\u00bb{%22gcid-16467b78-10bb-4cb4-bc15-2dc93fec915e%22:%91%22header_5_text_color%22%93}\u00a0\u00bb]<\/p>\n<h5><span class=\"editor-color-2\">Pour une PME de moins de 20 salari\u00e9s,<strong>\u00a0recruter des m\u00e9tiers p\u00e9nuriques<\/strong>\u00a0n\u2019est pas facile. \u00c7a l\u2019est encore moins pour une TPE.<\/span><\/h5>\n<p>Dans les\u00a0<strong>m\u00e9tiers en tension<\/strong>, chercher un candidat, constituer une \u00e9quipe compl\u00e8te, implique de nombreuses \u00e9tapes. Passer des annonces, lire chaque CV, fixer les rendez-vous, faire le tri, choisir. Cela prend du temps et p\u00e9nalise le business.<\/p>\n<p>Nous vous proposons de le faire \u00e0 votre place :<\/p>\n<ul>\n<li>Nous nous adaptons \u00e0 vos m\u00e9thodes de travail.<\/li>\n<li>Nous travaillons \u00e0 partir d\u2019un r\u00e9seau : acteurs de la formation, entreprises de France et de l\u2019\u00e9tranger, consultants, cabinet d\u2019enqu\u00eate statistique.<\/li>\n<li>Nous identifions les profils qui acceptent de s\u2019installer dans les territoires qui n\u2019int\u00e9ressent pas.<\/li>\n<li>Nous savons travailler pour les petites, les moyennes et les grandes entreprises<\/li>\n<\/ul>\n<p>[\/et_pb_text][\/et_pb_column][\/et_pb_row][\/et_pb_section][et_pb_section fb_built=\u00a0\u00bb1&Prime; _builder_version=\u00a0\u00bb4.27.0&Prime; _module_preset=\u00a0\u00bbdefault\u00a0\u00bb background_color=\u00a0\u00bbgcid-primary-color\u00a0\u00bb global_colors_info=\u00a0\u00bb{%22gcid-primary-color%22:%91%22background_color%22%93}\u00a0\u00bb][et_pb_row _builder_version=\u00a0\u00bb4.27.0&Prime; _module_preset=\u00a0\u00bbdefault\u00a0\u00bb custom_margin=\u00a0\u00bb0px||0px||true|false\u00a0\u00bb custom_padding=\u00a0\u00bb0px||0px||true|false\u00a0\u00bb global_colors_info=\u00a0\u00bb{}\u00a0\u00bb][et_pb_column type=\u00a0\u00bb4_4&Prime; _builder_version=\u00a0\u00bb4.27.0&Prime; _module_preset=\u00a0\u00bbdefault\u00a0\u00bb global_colors_info=\u00a0\u00bb{}\u00a0\u00bb][et_pb_text _builder_version=\u00a0\u00bb4.27.0&Prime; _module_preset=\u00a0\u00bbdefault\u00a0\u00bb text_text_color=\u00a0\u00bb#FFFFFF\u00a0\u00bb text_line_height=\u00a0\u00bb3em\u00a0\u00bb header_5_font=\u00a0\u00bbNoto Sans Palmyrene||||||||\u00a0\u00bb header_5_text_color=\u00a0\u00bbgcid-16467b78-10bb-4cb4-bc15-2dc93fec915e\u00a0\u00bb header_5_line_height=\u00a0\u00bb1.3em\u00a0\u00bb global_colors_info=\u00a0\u00bb{%22gcid-16467b78-10bb-4cb4-bc15-2dc93fec915e%22:%91%22header_5_text_color%22%93}\u00a0\u00bb]<\/p>\n<p>Nous savons que les profils que vous recherchez sont tr\u00e8s vari\u00e9s et que vous avez besoin de comp\u00e9tences pr\u00e9cises :<\/p>\n<ul>\n<ul>\n<ul>\n<li>Moulage polyester<\/li>\n<li>Menuiserie d\u2019am\u00e9nagement<\/li>\n<li>Sellerie<\/li>\n<li>Voilerie<\/li>\n<li>Hydraulique syst\u00e8me<\/li>\n<li>Expertise navale<\/li>\n<li>M\u00e9canique navale<\/li>\n<li>Ma\u00eetrise de l\u2019anglais courant et technique<\/li>\n<\/ul>\n<\/ul>\n<\/ul>\n<p>[\/et_pb_text][\/et_pb_column][\/et_pb_row][\/et_pb_section][et_pb_section fb_built=\u00a0\u00bb1&Prime; _builder_version=\u00a0\u00bb4.27.0&Prime; _module_preset=\u00a0\u00bbdefault\u00a0\u00bb global_colors_info=\u00a0\u00bb{}\u00a0\u00bb][et_pb_row _builder_version=\u00a0\u00bb4.27.0&Prime; _module_preset=\u00a0\u00bbdefault\u00a0\u00bb width=\u00a0\u00bb40%\u00a0\u00bb global_colors_info=\u00a0\u00bb{}\u00a0\u00bb][et_pb_column type=\u00a0\u00bb4_4&Prime; _builder_version=\u00a0\u00bb4.27.0&Prime; _module_preset=\u00a0\u00bbdefault\u00a0\u00bb global_colors_info=\u00a0\u00bb{}\u00a0\u00bb][et_pb_text _builder_version=\u00a0\u00bb4.27.0&Prime; _module_preset=\u00a0\u00bbdefault\u00a0\u00bb text_text_color=\u00a0\u00bbgcid-primary-color\u00a0\u00bb text_line_height=\u00a0\u00bb2.2em\u00a0\u00bb global_colors_info=\u00a0\u00bb{%22gcid-primary-color%22:%91%22text_text_color%22%93}\u00a0\u00bb]<\/p>\n<p><strong>Vous pouvez changer les choses pour le recrutement de m\u00e9tiers en tension<\/strong><\/p>\n<p>50 % des entreprises du secteur appartiennent \u00e0 la production\/r\u00e9paration\/\u00e9quipement. Les effectifs sont concentr\u00e9s chez les ouvriers sp\u00e9cialis\u00e9s.<\/p>\n<p>Les majors du secteur (B\u00e9n\u00e9teau, Jeanneau, Lagoon Catamaran, Fountaine-Pajot-Dufour), attirent les profils. Les r\u00e9gions d\u00e9velopp\u00e9es (Nouvelle-Aquitaine, Pays de la Loire, Bretagne) ont des groupements d\u2019employeurs qui fournissent des collaborateurs aux entreprises de leur r\u00e9seau.<\/p>\n<p>Les autres doivent tout organiser eux-m\u00eames pour\u00a0<strong>d\u00e9nicher les profils p\u00e9nuriques<\/strong>. Le travail est colossal. Mais vous pouvez faire diff\u00e9remment.<\/p>\n<ul>\n<li>Nous anticipons pour recruter des collaborateurs individuels, ou constituer des \u00e9quipes compl\u00e8tes et stables.<\/li>\n<li>Nous savons trouver, maintenir, et fid\u00e9liser les\u00a0<strong>salari\u00e9s \u00e0 profils p\u00e9nuriques<\/strong>.<\/li>\n<\/ul>\n<p>[\/et_pb_text][\/et_pb_column][\/et_pb_row][\/et_pb_section][et_pb_section fb_built=\u00a0\u00bb1&Prime; _builder_version=\u00a0\u00bb4.27.0&Prime; _module_preset=\u00a0\u00bbdefault\u00a0\u00bb background_image=\u00a0\u00bbhttps:\/\/2a-expertrh.fr\/wp-content\/uploads\/2024\/08\/puce-list.svg\u00a0\u00bb background_size=\u00a0\u00bbinitial\u00a0\u00bb background_position=\u00a0\u00bbtop_left\u00a0\u00bb background_horizontal_offset=\u00a0\u00bb-14%\u00a0\u00bb global_colors_info=\u00a0\u00bb{}\u00a0\u00bb][et_pb_row _builder_version=\u00a0\u00bb4.27.0&Prime; _module_preset=\u00a0\u00bbdefault\u00a0\u00bb global_colors_info=\u00a0\u00bb{}\u00a0\u00bb][et_pb_column type=\u00a0\u00bb4_4&Prime; _builder_version=\u00a0\u00bb4.27.0&Prime; _module_preset=\u00a0\u00bbdefault\u00a0\u00bb global_colors_info=\u00a0\u00bb{}\u00a0\u00bb][et_pb_text _builder_version=\u00a0\u00bb4.27.0&Prime; _module_preset=\u00a0\u00bbdefault\u00a0\u00bb header_3_font=\u00a0\u00bbNoto Sans Palmyrene|700|||||||\u00a0\u00bb header_3_text_color=\u00a0\u00bbgcid-primary-color\u00a0\u00bb header_3_line_height=\u00a0\u00bb1.4em\u00a0\u00bb width=\u00a0\u00bb44%\u00a0\u00bb module_alignment=\u00a0\u00bbcenter\u00a0\u00bb custom_margin=\u00a0\u00bb||||false|false\u00a0\u00bb hover_enabled=\u00a0\u00bb0&Prime; global_colors_info=\u00a0\u00bb{%22gcid-primary-color%22:%91%22header_3_text_color%22%93}\u00a0\u00bb sticky_enabled=\u00a0\u00bb0&Prime;]<\/p>\n<h3 style=\"text-align: center;\"><span>Vous partagez nos valeurs et vous avez envie de tenter l\u2019exp\u00e9rience avec nous ?<\/span><\/h3>\n<p>[\/et_pb_text][et_pb_button button_url=\u00a0\u00bb@ET-DC@eyJkeW5hbWljIjp0cnVlLCJjb250ZW50IjoicG9zdF9saW5rX3VybF9wYWdlIiwic2V0dGluZ3MiOnsicG9zdF9pZCI6IjI0In19@\u00a0\u00bb button_text=\u00a0\u00bbContactez-nous !\u00a0\u00bb button_alignment=\u00a0\u00bbcenter\u00a0\u00bb _builder_version=\u00a0\u00bb4.27.0&Prime; _dynamic_attributes=\u00a0\u00bbbutton_url\u00a0\u00bb _module_preset=\u00a0\u00bbdefault\u00a0\u00bb custom_button=\u00a0\u00bbon\u00a0\u00bb button_text_size=\u00a0\u00bb17px\u00a0\u00bb button_text_color=\u00a0\u00bb#FFFFFF\u00a0\u00bb button_bg_color=\u00a0\u00bbgcid-primary-color\u00a0\u00bb button_border_width=\u00a0\u00bb3px\u00a0\u00bb button_border_color=\u00a0\u00bbgcid-primary-color\u00a0\u00bb button_border_radius=\u00a0\u00bb20px\u00a0\u00bb button_font=\u00a0\u00bb|600|||||||\u00a0\u00bb global_colors_info=\u00a0\u00bb{%22gcid-primary-color%22:%91%22button_bg_color%22,%22button_border_color%22%93}\u00a0\u00bb][\/et_pb_button][\/et_pb_column][\/et_pb_row][\/et_pb_section]<\/p>\n","protected":false},"excerpt":{"rendered":"<p>Recruter dans le secteur NautiqueLa France est le deuxi\u00e8me fabricant de bateaux de plaisance au monde, et le premier en EuropeVous faites partie d\u2019une des premi\u00e8res forces \u00e9conomiques du territoire, avec pr\u00e8s de 43 000 salari\u00e9s. 70 % de la main d\u2019\u0153uvre nautique est concentr\u00e9e en M\u00e9diterran\u00e9e et dans le Grand Ouest. Le dynamisme de [&hellip;]<\/p>\n","protected":false},"author":1,"featured_media":0,"parent":0,"menu_order":0,"comment_status":"closed","ping_status":"closed","template":"","meta":{"_et_pb_use_builder":"on","_et_pb_old_content":"","_et_gb_content_width":"","inline_featured_image":false,"footnotes":""},"class_list":["post-29003","page","type-page","status-publish","hentry"],"_links":{"self":[{"href":"https:\/\/2a-expertrh.fr\/en\/wp-json\/wp\/v2\/pages\/29003","targetHints":{"allow":["GET"]}}],"collection":[{"href":"https:\/\/2a-expertrh.fr\/en\/wp-json\/wp\/v2\/pages"}],"about":[{"href":"https:\/\/2a-expertrh.fr\/en\/wp-json\/wp\/v2\/types\/page"}],"author":[{"embeddable":true,"href":"https:\/\/2a-expertrh.fr\/en\/wp-json\/wp\/v2\/users\/1"}],"replies":[{"embeddable":true,"href":"https:\/\/2a-expertrh.fr\/en\/wp-json\/wp\/v2\/comments?post=29003"}],"version-history":[{"count":3,"href":"https:\/\/2a-expertrh.fr\/en\/wp-json\/wp\/v2\/pages\/29003\/revisions"}],"predecessor-version":[{"id":71419,"href":"https:\/\/2a-expertrh.fr\/en\/wp-json\/wp\/v2\/pages\/29003\/revisions\/71419"}],"wp:attachment":[{"href":"https:\/\/2a-expertrh.fr\/en\/wp-json\/wp\/v2\/media?parent=29003"}],"curies":[{"name":"wp","href":"https:\/\/api.w.org\/{rel}","templated":true}]}}