{"id":28989,"date":"2024-08-27T15:48:31","date_gmt":"2024-08-27T13:48:31","guid":{"rendered":"https:\/\/2a-expertrh.fr\/?page_id=28989"},"modified":"2024-08-28T16:51:53","modified_gmt":"2024-08-28T14:51:53","slug":"aeronautique","status":"publish","type":"page","link":"https:\/\/2a-expertrh.fr\/en\/aeronautique\/","title":{"rendered":"Aeronautical industry"},"content":{"rendered":"<p>[et_pb_section fb_built=\u00a0\u00bb1&Prime; _builder_version=\u00a0\u00bb4.27.0&Prime; _module_preset=\u00a0\u00bbdefault\u00a0\u00bb background_image=\u00a0\u00bbhttps:\/\/2a-expertrh.fr\/wp-content\/uploads\/2024\/08\/avion-aeronautique.jpeg\u00a0\u00bb background_position=\u00a0\u00bbtop_center\u00a0\u00bb min_height=\u00a0\u00bb60vh\u00a0\u00bb custom_margin=\u00a0\u00bb||0px||false|false\u00a0\u00bb custom_padding=\u00a0\u00bb||0px||false|false\u00a0\u00bb global_colors_info=\u00a0\u00bb{}\u00a0\u00bb][et_pb_row _builder_version=\u00a0\u00bb4.27.0&Prime; _module_preset=\u00a0\u00bbdefault\u00a0\u00bb width=\u00a0\u00bb100%\u00a0\u00bb max_width=\u00a0\u00bb1000vh\u00a0\u00bb module_alignment=\u00a0\u00bbcenter\u00a0\u00bb min_height=\u00a0\u00bb20vh\u00a0\u00bb custom_margin=\u00a0\u00bb45vh||0px||false|false\u00a0\u00bb custom_padding=\u00a0\u00bb||0px||false|false\u00a0\u00bb hover_enabled=\u00a0\u00bb0&Prime; global_colors_info=\u00a0\u00bb{%22gcid-primary-color%22:%91%22background_color%22%93}\u00a0\u00bb background_enable_color=\u00a0\u00bboff\u00a0\u00bb title_text=\u00a0\u00bbfond arrondi bleu@4x\u00a0\u00bb background_image=\u00a0\u00bbhttps:\/\/2a-expertrh.fr\/wp-content\/uploads\/2024\/08\/fond-arrondi-bleu@4x.png\u00a0\u00bb sticky_enabled=\u00a0\u00bb0&Prime;][et_pb_column type=\u00a0\u00bb4_4&Prime; _builder_version=\u00a0\u00bb4.27.0&Prime; _module_preset=\u00a0\u00bbdefault\u00a0\u00bb global_colors_info=\u00a0\u00bb{}\u00a0\u00bb][et_pb_text _builder_version=\u00a0\u00bb4.27.0&Prime; _module_preset=\u00a0\u00bbdefault\u00a0\u00bb text_font=\u00a0\u00bbNoto Sans Palmyrene||||||||\u00a0\u00bb text_text_color=\u00a0\u00bb#FFFFFF\u00a0\u00bb text_font_size=\u00a0\u00bb17px\u00a0\u00bb header_2_font=\u00a0\u00bbNoto Sans Palmyrene|700|||||||\u00a0\u00bb header_2_text_color=\u00a0\u00bb#FFFFFF\u00a0\u00bb header_2_font_size=\u00a0\u00bb30px\u00a0\u00bb custom_margin=\u00a0\u00bb6vh||||false|false\u00a0\u00bb global_colors_info=\u00a0\u00bb{}\u00a0\u00bb]<\/p>\n<h2 style=\"text-align: center;\">Recrutement en a\u00e9ronautique<\/h2>\n<p>[\/et_pb_text][\/et_pb_column][\/et_pb_row][\/et_pb_section][et_pb_section fb_built=\u00a0\u00bb1&Prime; _builder_version=\u00a0\u00bb4.27.0&Prime; _module_preset=\u00a0\u00bbdefault\u00a0\u00bb background_image=\u00a0\u00bbhttps:\/\/2a-expertrh.fr\/wp-content\/uploads\/2024\/08\/puce-list.svg\u00a0\u00bb background_size=\u00a0\u00bbinitial\u00a0\u00bb background_position=\u00a0\u00bbtop_left\u00a0\u00bb background_horizontal_offset=\u00a0\u00bb-16%\u00a0\u00bb global_colors_info=\u00a0\u00bb{}\u00a0\u00bb][et_pb_row _builder_version=\u00a0\u00bb4.27.0&Prime; _module_preset=\u00a0\u00bbdefault\u00a0\u00bb max_width=\u00a0\u00bb1500px\u00a0\u00bb global_colors_info=\u00a0\u00bb{}\u00a0\u00bb][et_pb_column type=\u00a0\u00bb4_4&Prime; _builder_version=\u00a0\u00bb4.27.0&Prime; _module_preset=\u00a0\u00bbdefault\u00a0\u00bb global_colors_info=\u00a0\u00bb{}\u00a0\u00bb][et_pb_text _builder_version=\u00a0\u00bb4.27.0&Prime; _module_preset=\u00a0\u00bbdefault\u00a0\u00bb header_3_font=\u00a0\u00bbNoto Sans Palmyrene|700|||||||\u00a0\u00bb header_3_text_color=\u00a0\u00bbgcid-primary-color\u00a0\u00bb custom_margin=\u00a0\u00bb||||false|false\u00a0\u00bb global_colors_info=\u00a0\u00bb{%22gcid-primary-color%22:%91%22header_3_text_color%22%93}\u00a0\u00bb]<\/p>\n<h3><span>L\u2019<\/span><strong>industrie a\u00e9ronautique<\/strong><span>\u00a0est en croissance avec en cons\u00e9quence d\u2019importants\u00a0<\/span><strong>besoin de recrutement<\/strong><span>.<\/span><\/h3>\n<p>[\/et_pb_text][et_pb_text _builder_version=\u00a0\u00bb4.27.0&Prime; _module_preset=\u00a0\u00bbdefault\u00a0\u00bb text_text_color=\u00a0\u00bbgcid-primary-color\u00a0\u00bb global_colors_info=\u00a0\u00bb{%22gcid-primary-color%22:%91%22text_text_color%22%93}\u00a0\u00bb]<\/p>\n<p>Les sites de production a\u00e9ronautiques attirent les profils comp\u00e9tents sur Toulouse, Marseille, Saint-Nazaire, Amiens, et Paris, mais d\u2019autres secteurs comme la Normandie peinent souvent \u00e0 recruter.<\/p>\n<p>Vous avez des commandes et devez absolument recruter des collaborateurs ? Gr\u00e2ce \u00e0 notre activit\u00e9 d\u2019int\u00e9rim pour le groupe a\u00e9ronautique AAA nous disposons d\u2019un important vivier de profils aux comp\u00e9tences diverses.<\/p>\n<p>[\/et_pb_text][\/et_pb_column][\/et_pb_row][\/et_pb_section][et_pb_section fb_built=\u00a0\u00bb1&Prime; _builder_version=\u00a0\u00bb4.27.0&Prime; _module_preset=\u00a0\u00bbdefault\u00a0\u00bb background_color=\u00a0\u00bb#F2F2F2&Prime; global_colors_info=\u00a0\u00bb{}\u00a0\u00bb][et_pb_row column_structure=\u00a0\u00bb1_2,1_2&Prime; _builder_version=\u00a0\u00bb4.27.0&Prime; _module_preset=\u00a0\u00bbdefault\u00a0\u00bb max_width=\u00a0\u00bb1400px\u00a0\u00bb global_colors_info=\u00a0\u00bb{}\u00a0\u00bb][et_pb_column type=\u00a0\u00bb1_2&Prime; _builder_version=\u00a0\u00bb4.27.0&Prime; _module_preset=\u00a0\u00bbdefault\u00a0\u00bb global_colors_info=\u00a0\u00bb{}\u00a0\u00bb][et_pb_text _builder_version=\u00a0\u00bb4.27.0&Prime; _module_preset=\u00a0\u00bbdefault\u00a0\u00bb header_3_font=\u00a0\u00bbNoto Sans Palmyrene|700|||||||\u00a0\u00bb header_3_text_color=\u00a0\u00bbgcid-primary-color\u00a0\u00bb global_colors_info=\u00a0\u00bb{%22gcid-primary-color%22:%91%22header_3_text_color%22%93}\u00a0\u00bb]<\/p>\n<h3><span>Les m\u00e9tiers p\u00e9nuriques de production a\u00e9ronautique sont votre priorit\u00e9 ?<\/span><\/h3>\n<p>[\/et_pb_text][et_pb_text _builder_version=\u00a0\u00bb4.27.0&Prime; _module_preset=\u00a0\u00bbdefault\u00a0\u00bb text_font=\u00a0\u00bbNoto Sans Palmyrene||||||||\u00a0\u00bb text_text_color=\u00a0\u00bbgcid-primary-color\u00a0\u00bb text_line_height=\u00a0\u00bb2.7em\u00a0\u00bb header_5_font=\u00a0\u00bbNoto Sans Palmyrene||||||||\u00a0\u00bb header_5_text_color=\u00a0\u00bbgcid-16467b78-10bb-4cb4-bc15-2dc93fec915e\u00a0\u00bb global_colors_info=\u00a0\u00bb{%22gcid-primary-color%22:%91%22text_text_color%22%93,%22gcid-16467b78-10bb-4cb4-bc15-2dc93fec915e%22:%91%22header_5_text_color%22%93}\u00a0\u00bb]<\/p>\n<h5><span class=\"editor-color-2\">Vos besoins concernent les m\u00e9tiers de production ?<\/span><\/h5>\n<p>Nous pouvons vous fournir les profils tels que :<\/p>\n<ul>\n<li>Ajusteur monteur<\/li>\n<li>C\u00e2bleur<\/li>\n<li>Chaudronnier<\/li>\n<li>Rectifieur<\/li>\n<li>Drappeur<\/li>\n<li>Op\u00e9rateur r\u00e9gleur CN<\/li>\n<li>Peintre a\u00e9ronautique<\/li>\n<li>M\u00e9canicien a\u00e9ronautique<\/li>\n<li>Contr\u00f4leur qualit\u00e9<\/li>\n<li>Inspecteur qualit\u00e9<\/li>\n<li>Pr\u00e9parateur m\u00e9thode<\/li>\n<li>Chef d\u2019\u00e9quipe<\/li>\n<li>etc.<\/li>\n<\/ul>\n<p>[\/et_pb_text][\/et_pb_column][et_pb_column type=\u00a0\u00bb1_2&Prime; _builder_version=\u00a0\u00bb4.27.0&Prime; _module_preset=\u00a0\u00bbdefault\u00a0\u00bb global_colors_info=\u00a0\u00bb{}\u00a0\u00bb][et_pb_image src=\u00a0\u00bbhttps:\/\/2a-expertrh.fr\/wp-content\/uploads\/2024\/08\/apprentis-aeronautique.jpeg\u00a0\u00bb title_text=\u00a0\u00bbapprentis-aeronautique\u00a0\u00bb _builder_version=\u00a0\u00bb4.27.0&Prime; _module_preset=\u00a0\u00bbdefault\u00a0\u00bb border_radii=\u00a0\u00bboff|50px||50px|\u00a0\u00bb global_colors_info=\u00a0\u00bb{}\u00a0\u00bb][\/et_pb_image][\/et_pb_column][\/et_pb_row][\/et_pb_section][et_pb_section fb_built=\u00a0\u00bb1&Prime; _builder_version=\u00a0\u00bb4.27.0&Prime; _module_preset=\u00a0\u00bbdefault\u00a0\u00bb background_enable_image=\u00a0\u00bboff\u00a0\u00bb background_size=\u00a0\u00bbinitial\u00a0\u00bb background_position=\u00a0\u00bbtop_left\u00a0\u00bb background_horizontal_offset=\u00a0\u00bb-16%\u00a0\u00bb global_colors_info=\u00a0\u00bb{}\u00a0\u00bb][et_pb_row _builder_version=\u00a0\u00bb4.27.0&Prime; _module_preset=\u00a0\u00bbdefault\u00a0\u00bb max_width=\u00a0\u00bb1500px\u00a0\u00bb global_colors_info=\u00a0\u00bb{}\u00a0\u00bb][et_pb_column type=\u00a0\u00bb4_4&Prime; _builder_version=\u00a0\u00bb4.27.0&Prime; _module_preset=\u00a0\u00bbdefault\u00a0\u00bb global_colors_info=\u00a0\u00bb{}\u00a0\u00bb][et_pb_text _builder_version=\u00a0\u00bb4.27.0&Prime; _module_preset=\u00a0\u00bbdefault\u00a0\u00bb text_font=\u00a0\u00bbNoto Sans Palmyrene||||||||\u00a0\u00bb text_text_color=\u00a0\u00bbgcid-primary-color\u00a0\u00bb text_line_height=\u00a0\u00bb2.3em\u00a0\u00bb global_colors_info=\u00a0\u00bb{%22gcid-primary-color%22:%91%22text_text_color%22%93}\u00a0\u00bb]<\/p>\n<p>Le\u00a0<strong>secteur a\u00e9ronautique<\/strong>\u00a0g\u00e9n\u00e8re plus de 2000 offres non pourvues en permanence, r\u00e9parties sur une vingtaine de\u00a0<strong>m\u00e9tiers en tension<\/strong>.<\/p>\n<p>En prenant le temps qu\u2019il faut, nous constituons des \u00e9quipes compl\u00e8tes de professionnels. Nous v\u00e9rifions que les futurs profils r\u00e9pondront \u00e0 vos enjeux, notamment :<\/p>\n<ul>\n<li>Capacit\u00e9 au travail \u00e0 un niveau de rigueur \u00e9lev\u00e9.<\/li>\n<li>Savoir s\u2019impliquer totalement dans la d\u00e9marche qualit\u00e9.<\/li>\n<li>Ma\u00eetrise de l\u2019anglais.<\/li>\n<\/ul>\n<p>[\/et_pb_text][\/et_pb_column][\/et_pb_row][\/et_pb_section][et_pb_section fb_built=\u00a0\u00bb1&Prime; theme_builder_area=\u00a0\u00bbpost_content\u00a0\u00bb _builder_version=\u00a0\u00bb4.27.0&Prime; _module_preset=\u00a0\u00bbdefault\u00a0\u00bb title_text=\u00a0\u00bbfond arrondi bleu@4x\u00a0\u00bb background_image=\u00a0\u00bbhttps:\/\/2a-expertrh.fr\/wp-content\/uploads\/2024\/08\/fond-arrondi-bleu@4x.png\u00a0\u00bb hover_enabled=\u00a0\u00bb0&Prime; sticky_enabled=\u00a0\u00bb0&Prime;][\/et_pb_section][et_pb_section fb_built=\u00a0\u00bb1&Prime; _builder_version=\u00a0\u00bb4.27.0&Prime; _module_preset=\u00a0\u00bbdefault\u00a0\u00bb background_color=\u00a0\u00bbgcid-primary-color\u00a0\u00bb hover_enabled=\u00a0\u00bb0&Prime; global_colors_info=\u00a0\u00bb{%22gcid-primary-color%22:%91%22background_color%22%93}\u00a0\u00bb custom_padding=\u00a0\u00bb0px||||false|false\u00a0\u00bb custom_margin=\u00a0\u00bb-14vh||||false|false\u00a0\u00bb sticky_enabled=\u00a0\u00bb0&Prime;][et_pb_row column_structure=\u00a0\u00bb1_2,1_2&Prime; _builder_version=\u00a0\u00bb4.27.0&Prime; _module_preset=\u00a0\u00bbdefault\u00a0\u00bb max_width=\u00a0\u00bb1400px\u00a0\u00bb global_colors_info=\u00a0\u00bb{}\u00a0\u00bb][et_pb_column type=\u00a0\u00bb1_2&Prime; _builder_version=\u00a0\u00bb4.27.0&Prime; _module_preset=\u00a0\u00bbdefault\u00a0\u00bb global_colors_info=\u00a0\u00bb{}\u00a0\u00bb][et_pb_image src=\u00a0\u00bbhttps:\/\/2a-expertrh.fr\/wp-content\/uploads\/2024\/08\/maintenance-avion.jpg\u00a0\u00bb title_text=\u00a0\u00bbmaintenance-avion\u00a0\u00bb _builder_version=\u00a0\u00bb4.27.0&Prime; _module_preset=\u00a0\u00bbdefault\u00a0\u00bb border_radii=\u00a0\u00bboff|50px||50px|\u00a0\u00bb global_colors_info=\u00a0\u00bb{}\u00a0\u00bb][\/et_pb_image][\/et_pb_column][et_pb_column type=\u00a0\u00bb1_2&Prime; _builder_version=\u00a0\u00bb4.27.0&Prime; _module_preset=\u00a0\u00bbdefault\u00a0\u00bb global_colors_info=\u00a0\u00bb{}\u00a0\u00bb][et_pb_text _builder_version=\u00a0\u00bb4.27.0&Prime; _module_preset=\u00a0\u00bbdefault\u00a0\u00bb text_text_color=\u00a0\u00bb#FFFFFF\u00a0\u00bb header_3_font=\u00a0\u00bbNoto Sans Palmyrene|700|||||||\u00a0\u00bb header_3_text_color=\u00a0\u00bb#FFFFFF\u00a0\u00bb global_colors_info=\u00a0\u00bb{}\u00a0\u00bb]<\/p>\n<h3><span>Nous vous aidons \u00e0 sortir de l\u2019impasse des m\u00e9tiers en tension<\/span><\/h3>\n<p>[\/et_pb_text][et_pb_text _builder_version=\u00a0\u00bb4.27.0&Prime; _module_preset=\u00a0\u00bbdefault\u00a0\u00bb text_text_color=\u00a0\u00bb#FFFFFF\u00a0\u00bb header_5_font=\u00a0\u00bbNoto Sans Palmyrene||||||||\u00a0\u00bb header_5_text_color=\u00a0\u00bbgcid-16467b78-10bb-4cb4-bc15-2dc93fec915e\u00a0\u00bb header_5_line_height=\u00a0\u00bb1.3em\u00a0\u00bb global_colors_info=\u00a0\u00bb{%22gcid-16467b78-10bb-4cb4-bc15-2dc93fec915e%22:%91%22header_5_text_color%22%93}\u00a0\u00bb]<\/p>\n<h5><span class=\"editor-color-2\">Le pr\u00e9sident du GIFAS (Groupement des Industries Fran\u00e7aises de l\u2019A\u00e9ronautique et Spatiales) rappelle que le secteur a\u00e9ronautique continue de g\u00e9n\u00e9rer de l\u2019emploi, mais qu\u2019il a \u00ab du mal \u00e0 recruter \u00bb.<\/span><\/h5>\n<p>Tous les profils, d\u2019ouvrier \u00e0 ing\u00e9nieur, sont touch\u00e9s. Les entreprises cherchent \u00e0 approfondir les partenariats avec les \u00e9coles et centres de formation, mais le syst\u00e8me \u00e9ducatif ne fournit pas assez de profils, les \u00e9coles \u00e9tant tr\u00e8s s\u00e9lectives.<\/p>\n<p>En attendant que ces strat\u00e9gies portent leurs fruits, vous avez besoin de main d\u2019\u0153uvre qualifi\u00e9e, tout de suite. Comment pouvons-nous vous aider ?<\/p>\n<p>Face \u00e0 un\u00a0<strong>m\u00e9tier p\u00e9nurique<\/strong>, nous ne prenons pas le temps de nous demander si cela sera possible. Nous cherchons des solutions nouvelles. Nous nous mettons tout de suite au travail pour chercher \u00e0 savoir comment faire pour vous<strong>\u00a0proposer des candidats<\/strong>\u00a0qui vous conviennent.<\/p>\n<p>[\/et_pb_text][\/et_pb_column][\/et_pb_row][\/et_pb_section][et_pb_section fb_built=\u00a0\u00bb1&Prime; _builder_version=\u00a0\u00bb4.27.0&Prime; _module_preset=\u00a0\u00bbdefault\u00a0\u00bb global_colors_info=\u00a0\u00bb{}\u00a0\u00bb][et_pb_row column_structure=\u00a0\u00bb1_2,1_2&Prime; _builder_version=\u00a0\u00bb4.27.0&Prime; _module_preset=\u00a0\u00bbdefault\u00a0\u00bb max_width=\u00a0\u00bb1400px\u00a0\u00bb global_colors_info=\u00a0\u00bb{}\u00a0\u00bb][et_pb_column type=\u00a0\u00bb1_2&Prime; _builder_version=\u00a0\u00bb4.27.0&Prime; _module_preset=\u00a0\u00bbdefault\u00a0\u00bb global_colors_info=\u00a0\u00bb{}\u00a0\u00bb][et_pb_text _builder_version=\u00a0\u00bb4.27.0&Prime; _module_preset=\u00a0\u00bbdefault\u00a0\u00bb header_3_font=\u00a0\u00bbNoto Sans Palmyrene|700|||||||\u00a0\u00bb header_3_text_color=\u00a0\u00bbgcid-primary-color\u00a0\u00bb header_3_line_height=\u00a0\u00bb1.3em\u00a0\u00bb global_colors_info=\u00a0\u00bb{%22gcid-primary-color%22:%91%22header_3_text_color%22%93}\u00a0\u00bb]<\/p>\n<h3><span>Nous innovons pour cr\u00e9er vos solutions de recrutement a\u00e9ronautique pour m\u00e9tiers p\u00e9nuriques<\/span><\/h3>\n<p>[\/et_pb_text][et_pb_text _builder_version=\u00a0\u00bb4.27.0&Prime; _module_preset=\u00a0\u00bbdefault\u00a0\u00bb text_font=\u00a0\u00bbNoto Sans Palmyrene||||||||\u00a0\u00bb text_text_color=\u00a0\u00bbgcid-primary-color\u00a0\u00bb text_line_height=\u00a0\u00bb2.7em\u00a0\u00bb header_5_font=\u00a0\u00bbNoto Sans Palmyrene||||||||\u00a0\u00bb header_5_text_color=\u00a0\u00bbgcid-16467b78-10bb-4cb4-bc15-2dc93fec915e\u00a0\u00bb header_5_line_height=\u00a0\u00bb1.5em\u00a0\u00bb global_colors_info=\u00a0\u00bb{%22gcid-primary-color%22:%91%22text_text_color%22%93,%22gcid-16467b78-10bb-4cb4-bc15-2dc93fec915e%22:%91%22header_5_text_color%22%93}\u00a0\u00bb]<\/p>\n<h5><span class=\"editor-color-2\">Nous n\u2019avons pas de produit tout fait. Nous construisons avec imagination des solutions sur-mesure, adapt\u00e9es \u00e0 vos besoins sp\u00e9cifiques, pour le moyen ou long terme.\u00a0\u00a0<\/span><\/h5>\n<p>Le pr\u00e9sident du Comit\u00e9 A\u00e9ro-PME, confirme cette d\u00e9marche : \u00ab pour une PME en r\u00e9gion recruter un ing\u00e9nieur ou un compagnon est un choix strat\u00e9gique important \u00bb.<\/p>\n<ul>\n<li>Nous savons que sans collaborateurs comp\u00e9tents, vous ne pouvez pas livrer vos produits.<\/li>\n<li>Nous savons que les comp\u00e9tences existent en France ou \u00e0 l\u2019international, et qu\u2019il suffit de savoir les trouver.<\/li>\n<li>Nous savons aussi que lorsqu\u2019elles n\u2019existent pas, il est possible de les cr\u00e9er en formant des personnels motiv\u00e9s.<\/li>\n<\/ul>\n<p>L\u2019a\u00e9ronautique attire, mais les m\u00e9tiers de la production industrielle souffrent d\u2019un d\u00e9ficit d\u2019image. C\u2019est pourquoi nous prenons soin de nos salari\u00e9s, pour les attirer par des services compl\u00e9mentaires :<\/p>\n<ul>\n<li>Aide \u00e0 l\u2019int\u00e9gration en entreprise.<\/li>\n<li>Accompagnement administratif.<\/li>\n<li>Aide \u00e0 l\u2019installation familiale.<\/li>\n<\/ul>\n<p>Vous \u00eates une PME\/PMI, cotraitant et\/ou constructeur du\u00a0<strong>secteur de l\u2019a\u00e9ronautique<\/strong>\u00a0en mal de\u00a0<strong>profil p\u00e9nurique<\/strong>\u00a0? Vous voulez gagner du temps et de l\u2019argent ?<\/p>\n<p>Contactez-nous d\u00e8s maintenant !<\/p>\n<p>[\/et_pb_text][\/et_pb_column][et_pb_column type=\u00a0\u00bb1_2&Prime; _builder_version=\u00a0\u00bb4.27.0&Prime; _module_preset=\u00a0\u00bbdefault\u00a0\u00bb global_colors_info=\u00a0\u00bb{}\u00a0\u00bb][et_pb_image src=\u00a0\u00bbhttps:\/\/2a-expertrh.fr\/wp-content\/uploads\/2024\/08\/salarie-maintenance-aeronautique-e1579179061592-1536&#215;864-1.jpg\u00a0\u00bb title_text=\u00a0\u00bbsalarie-maintenance-aeronautique-e1579179061592-1536&#215;864&Prime; _builder_version=\u00a0\u00bb4.27.0&Prime; _module_preset=\u00a0\u00bbdefault\u00a0\u00bb custom_margin=\u00a0\u00bb20vh||||false|false\u00a0\u00bb border_radii=\u00a0\u00bboff|50px||50px|\u00a0\u00bb global_colors_info=\u00a0\u00bb{}\u00a0\u00bb][\/et_pb_image][\/et_pb_column][\/et_pb_row][\/et_pb_section][et_pb_section fb_built=\u00a0\u00bb1&Prime; _builder_version=\u00a0\u00bb4.27.0&Prime; _module_preset=\u00a0\u00bbdefault\u00a0\u00bb background_image=\u00a0\u00bbhttps:\/\/2a-expertrh.fr\/wp-content\/uploads\/2024\/08\/puce-list.svg\u00a0\u00bb background_size=\u00a0\u00bbinitial\u00a0\u00bb background_position=\u00a0\u00bbtop_left\u00a0\u00bb background_horizontal_offset=\u00a0\u00bb-14%\u00a0\u00bb global_colors_info=\u00a0\u00bb{}\u00a0\u00bb][et_pb_row _builder_version=\u00a0\u00bb4.27.0&Prime; _module_preset=\u00a0\u00bbdefault\u00a0\u00bb global_colors_info=\u00a0\u00bb{}\u00a0\u00bb][et_pb_column type=\u00a0\u00bb4_4&Prime; _builder_version=\u00a0\u00bb4.27.0&Prime; _module_preset=\u00a0\u00bbdefault\u00a0\u00bb global_colors_info=\u00a0\u00bb{}\u00a0\u00bb][et_pb_text _builder_version=\u00a0\u00bb4.27.0&Prime; _module_preset=\u00a0\u00bbdefault\u00a0\u00bb header_3_font=\u00a0\u00bbNoto Sans Palmyrene|700|||||||\u00a0\u00bb header_3_text_color=\u00a0\u00bbgcid-primary-color\u00a0\u00bb header_3_line_height=\u00a0\u00bb1.4em\u00a0\u00bb width=\u00a0\u00bb44%\u00a0\u00bb module_alignment=\u00a0\u00bbcenter\u00a0\u00bb custom_margin=\u00a0\u00bb||||false|false\u00a0\u00bb global_colors_info=\u00a0\u00bb{%22gcid-primary-color%22:%91%22header_3_text_color%22%93}\u00a0\u00bb]<\/p>\n<h3 style=\"text-align: center;\"><span>Vous partagez nos valeurs et vous avez envie de tenter l\u2019exp\u00e9rience avec nous ?<\/span><\/h3>\n<p>[\/et_pb_text][et_pb_button button_url=\u00a0\u00bb@ET-DC@eyJkeW5hbWljIjp0cnVlLCJjb250ZW50IjoicG9zdF9saW5rX3VybF9wYWdlIiwic2V0dGluZ3MiOnsicG9zdF9pZCI6IjI0In19@\u00a0\u00bb button_text=\u00a0\u00bbContactez-nous !\u00a0\u00bb button_alignment=\u00a0\u00bbcenter\u00a0\u00bb _builder_version=\u00a0\u00bb4.27.0&Prime; _dynamic_attributes=\u00a0\u00bbbutton_url\u00a0\u00bb _module_preset=\u00a0\u00bbdefault\u00a0\u00bb custom_button=\u00a0\u00bbon\u00a0\u00bb button_text_size=\u00a0\u00bb17px\u00a0\u00bb button_text_color=\u00a0\u00bb#FFFFFF\u00a0\u00bb button_bg_color=\u00a0\u00bbgcid-primary-color\u00a0\u00bb button_border_width=\u00a0\u00bb3px\u00a0\u00bb button_border_color=\u00a0\u00bbgcid-primary-color\u00a0\u00bb button_border_radius=\u00a0\u00bb20px\u00a0\u00bb button_font=\u00a0\u00bb|600|||||||\u00a0\u00bb global_colors_info=\u00a0\u00bb{%22gcid-primary-color%22:%91%22button_bg_color%22,%22button_border_color%22%93}\u00a0\u00bb][\/et_pb_button][\/et_pb_column][\/et_pb_row][\/et_pb_section]<\/p>\n","protected":false},"excerpt":{"rendered":"<p>Recrutement en a\u00e9ronautiqueL\u2019industrie a\u00e9ronautique\u00a0est en croissance avec en cons\u00e9quence d\u2019importants\u00a0besoin de recrutement.Les sites de production a\u00e9ronautiques attirent les profils comp\u00e9tents sur Toulouse, Marseille, Saint-Nazaire, Amiens, et Paris, mais d\u2019autres secteurs comme la Normandie peinent souvent \u00e0 recruter. Vous avez des commandes et devez absolument recruter des collaborateurs ? Gr\u00e2ce \u00e0 notre activit\u00e9 d\u2019int\u00e9rim pour le [&hellip;]<\/p>\n","protected":false},"author":1,"featured_media":0,"parent":0,"menu_order":0,"comment_status":"closed","ping_status":"closed","template":"","meta":{"_et_pb_use_builder":"on","_et_pb_old_content":"","_et_gb_content_width":"","inline_featured_image":false,"footnotes":""},"class_list":["post-28989","page","type-page","status-publish","hentry"],"_links":{"self":[{"href":"https:\/\/2a-expertrh.fr\/en\/wp-json\/wp\/v2\/pages\/28989","targetHints":{"allow":["GET"]}}],"collection":[{"href":"https:\/\/2a-expertrh.fr\/en\/wp-json\/wp\/v2\/pages"}],"about":[{"href":"https:\/\/2a-expertrh.fr\/en\/wp-json\/wp\/v2\/types\/page"}],"author":[{"embeddable":true,"href":"https:\/\/2a-expertrh.fr\/en\/wp-json\/wp\/v2\/users\/1"}],"replies":[{"embeddable":true,"href":"https:\/\/2a-expertrh.fr\/en\/wp-json\/wp\/v2\/comments?post=28989"}],"version-history":[{"count":7,"href":"https:\/\/2a-expertrh.fr\/en\/wp-json\/wp\/v2\/pages\/28989\/revisions"}],"predecessor-version":[{"id":71416,"href":"https:\/\/2a-expertrh.fr\/en\/wp-json\/wp\/v2\/pages\/28989\/revisions\/71416"}],"wp:attachment":[{"href":"https:\/\/2a-expertrh.fr\/en\/wp-json\/wp\/v2\/media?parent=28989"}],"curies":[{"name":"wp","href":"https:\/\/api.w.org\/{rel}","templated":true}]}}